{"id":1005,"date":"2025-04-21T10:04:58","date_gmt":"2025-04-21T07:04:58","guid":{"rendered":"https:\/\/litkraft.metamark-dev.com\/pretenziju-teikimo-procesas\/"},"modified":"2025-09-13T15:55:20","modified_gmt":"2025-09-13T12:55:20","slug":"pretenziju-teikimo-procesas","status":"publish","type":"page","link":"https:\/\/litkraft.metamark-dev.com\/lt\/pretenziju-teikimo-procesas\/","title":{"rendered":"Pretenzij\u0173 teikimo procesas"},"content":{"rendered":"<section class=\"l-section wpb_row us_custom_c70c97eb height_medium\"><div class=\"l-section-h i-cf\"><div class=\"g-cols vc_row via_grid cols_2-1 laptops-cols_inherit tablets-cols_inherit mobiles-cols_1 valign_top type_default stacking_default\" style=\"--columns-gap:3rem;--laptops-columns-gap:3rem;--tablets-columns-gap:3rem;--mobiles-columns-gap:2.9rem;\"><div class=\"wpb_column vc_column_container us_custom_2184fdd4\"><div class=\"vc_column-inner\"><div class=\"w-hwrapper valign_middle stack_on_mobiles align_justify\"><nav class=\"g-breadcrumbs us_custom_ea2be81a hide_on_default hide_on_laptops hide_on_tablets separator_custom align_none\" itemscope itemtype=\"http:\/\/schema.org\/BreadcrumbList\"><div class=\"g-breadcrumbs-item\" itemscope itemprop=\"itemListElement\" itemtype=\"http:\/\/schema.org\/ListItem\"><a itemprop=\"item\" href=\"https:\/\/litkraft.metamark-dev.com\/lt\/\"><span itemprop=\"name\">Prad\u017eia<\/span><\/a><meta itemprop=\"position\" content=\"1\"\/><\/div><div class=\"g-breadcrumbs-separator\">\/<\/div><div class=\"g-breadcrumbs-item\">Puslapiai<\/div><\/nav><h1 class=\"w-post-elm post_title us_custom_2774bef1 entry-title color_link_inherit\">Pretenzij\u0173 teikimo procesas<\/h1><nav class=\"g-breadcrumbs us_custom_ea2be81a hide_on_mobiles separator_custom align_none\" itemscope itemtype=\"http:\/\/schema.org\/BreadcrumbList\"><div class=\"g-breadcrumbs-item\" itemscope itemprop=\"itemListElement\" itemtype=\"http:\/\/schema.org\/ListItem\"><a itemprop=\"item\" href=\"https:\/\/litkraft.metamark-dev.com\/lt\/\"><span itemprop=\"name\">Prad\u017eia<\/span><\/a><meta itemprop=\"position\" content=\"1\"\/><\/div><div class=\"g-breadcrumbs-separator\">\/<\/div><div class=\"g-breadcrumbs-item\">Puslapiai<\/div><\/nav><\/div><div class=\"w-separator size_custom\" style=\"height:2rem\"><\/div><div class=\"wpb_text_column\"><div class=\"wpb_wrapper\"><p>Lorem ipsum dolor sit amet, consectetur adipiscing elit. Aliquam at porttitor sem. Aliquam erat volutpat. Donec placerat nisl magna, et faucibus arcu condimentum sed.  Lorem ipsum dolor sit amet, consectetur adipiscing elit. Aliquam at porttitor sem. Aliquam erat volutpat. Donec placerat nisl magna, et faucibus arcu condimentum sed.  Lorem ipsum dolor sit amet, consectetur adipiscing elit. Aliquam at porttitor sem. Aliquam erat volutpat. Donec placerat nisl magna, et faucibus arcu condimentum sed.Lorem ipsum dolor sit amet, consectetur adipiscing elit.  Aliquam at porttitor sem. Aliquam erat volutpat. Donec placerat nisl magna, et faucibus arcu condimentum sed.Lorem ipsum dolor sit amet, consectetur adipiscing elit.  Aliquam at porttitor sem. Aliquam erat volutpat. Donec placerat nisl magna, et faucibus arcu condimentum sed.Lorem ipsum dolor sit amet, consectetur adipiscing elit.  Aliquam at porttitor sem. Aliquam erat volutpat. Donec placerat nisl magna, et faucibus arcu condimentum sed.Lorem ipsum dolor sit amet, consectetur adipiscing elit.  Aliquam at porttitor sem.<\/p>\n<p>Aliquam erat volutpat. Donec placerat nisl magna, et faucibus arcu condimentum sed.Lorem ipsum dolor sit amet, consectetur adipiscing elit.  Aliquam at porttitor sem. Aliquam erat volutpat. Donec placerat nisl magna, et faucibus arcu condimentum sed.Lorem ipsum dolor sit amet, consectetur adipiscing elit.  Aliquam at porttitor sem. Aliquam erat volutpat. Donec placerat nisl magna, et faucibus arcu condimentum sed.Lorem ipsum dolor sit amet, consectetur adipiscing elit.  Aliquam at porttitor sem. Aliquam erat volutpat. Donec placerat nisl magna, et faucibus arcu condimentum sed.Lorem ipsum dolor sit amet, consectetur adipiscing elit.  Aliquam at<\/p>\n<\/div><\/div><\/div><\/div><div class=\"wpb_column vc_column_container us_custom_6eef1e9e us_animate_this\"><div class=\"vc_column-inner\"><div class=\"g-cols wpb_row us_custom_c918155b via_grid cols_1 laptops-cols_inherit tablets-cols_inherit mobiles-cols_1 valign_top type_default stacking_default\" style=\"--columns-gap:3rem;\"><div class=\"wpb_column vc_column_container\"><div class=\"vc_column-inner\"><section class=\"l-section wpb_row height_auto width_full\"><div class=\"l-section-h i-cf\"><div class=\"g-cols vc_row via_grid cols_1 laptops-cols_inherit tablets-cols_inherit mobiles-cols_1 valign_top type_default stacking_default\"><div class=\"wpb_column vc_column_container\"><div class=\"vc_column-inner\"><h4 class=\"w-text us_custom_f6bb47d2 has_text_color\"><span class=\"w-text-h\"><span class=\"w-text-value\">NEMOKAMA konsultacija<\/span><\/span><\/h4><div class=\"wpb_text_column us_custom_ea2be81a\"><div class=\"wpb_wrapper\"><p><span>Susisiekite su mumis 24\/7<\/span><\/p>\n<\/div><\/div><div class=\"wpforms-container wpforms-container-full contact hidden_fields_mobile wpforms-render-modern\" id=\"wpforms-17\"><form id=\"wpforms-form-17\" class=\"wpforms-validate wpforms-form wpforms-ajax-form\" data-formid=\"17\" method=\"post\" enctype=\"multipart\/form-data\" action=\"\/lt\/wp-json\/wp\/v2\/pages\/1005\" data-token=\"b840718a0b390427a23098c8c2bef448\" data-token-time=\"1775902238\"><noscript class=\"wpforms-error-noscript\">Please enable JavaScript in your browser to complete this form.<\/noscript><div class=\"wpforms-hidden\" id=\"wpforms-error-noscript\">Please enable JavaScript in your browser to complete this form.<\/div><div class=\"wpforms-field-container\"><div id=\"wpforms-17-field_3-container\" class=\"wpforms-field wpforms-field-phone init_show_mob\" data-field-id=\"3\"><label class=\"wpforms-field-label\" for=\"wpforms-17-field_3\">Telefonas <span class=\"wpforms-required-label\" aria-hidden=\"true\">*<\/span><\/label><input type=\"tel\" id=\"wpforms-17-field_3\" class=\"wpforms-field-large wpforms-field-required\" data-rule-int-phone-field=\"true\" name=\"wpforms[fields][3]\" placeholder=\"\u012eveskite savo telefono numer\u012f\" aria-label=\"Telefonas\" aria-errormessage=\"wpforms-17-field_3-error\" required><\/div><div id=\"wpforms-17-field_8-container\" class=\"wpforms-field wpforms-field-text init_hidden_mob\" data-field-id=\"8\"><label class=\"wpforms-field-label\" for=\"wpforms-17-field_8\">Vardas <span class=\"wpforms-required-label\" aria-hidden=\"true\">*<\/span><\/label><input type=\"text\" id=\"wpforms-17-field_8\" class=\"wpforms-field-large wpforms-field-required\" name=\"wpforms[fields][8]\" placeholder=\"\u012eveskite savo vard\u0105 ir pavard\u0119\" aria-errormessage=\"wpforms-17-field_8-error\" required><\/div><div id=\"wpforms-17-field_2-container\" class=\"wpforms-field wpforms-field-email init_hidden_mob\" data-field-id=\"2\"><label class=\"wpforms-field-label\" for=\"wpforms-17-field_2\">El. pa\u0161to adresas <span class=\"wpforms-required-label\" aria-hidden=\"true\">*<\/span><\/label><input type=\"email\" id=\"wpforms-17-field_2\" class=\"wpforms-field-large wpforms-field-required\" name=\"wpforms[fields][2]\" placeholder=\"\u012eveskite savo el. pa\u0161to adres\u0105\" spellcheck=\"false\" aria-errormessage=\"wpforms-17-field_2-error\" required><\/div><div id=\"wpforms-17-field_10-container\" class=\"wpforms-field wpforms-field-select init_hidden_mob wpforms-field-select-style-classic\" data-field-id=\"10\"><label class=\"wpforms-field-label\" for=\"wpforms-17-field_10\">U\u017eklausos tipas <span class=\"wpforms-required-label\" aria-hidden=\"true\">*<\/span><\/label><select id=\"wpforms-17-field_10\" class=\"wpforms-field-large wpforms-field-required\" name=\"wpforms[fields][10]\" required=\"required\"><option value=\"\" class=\"placeholder\" disabled  selected='selected'>- Pra\u0161ome pasirinkti -<\/option><option value=\"Keli\u0173 eismo \u012fvykiai\" >Keli\u0173 eismo \u012fvykiai<\/option><option value=\"P\u0117s\u010di\u0173j\u0173 avarija\" >P\u0117s\u010di\u0173j\u0173 avarija<\/option><option value=\"Dvira\u010di\u0173 avarija\" >Dvira\u010di\u0173 avarija<\/option><option value=\"Motociklo avarija\" >Motociklo avarija<\/option><option value=\"Darbo nelaimingi atsitikimai\" >Darbo nelaimingi atsitikimai<\/option><option value=\"Medicininis aplaidumas\" >Medicininis aplaidumas<\/option><option value=\"Nelaim\u0117s vie\u0161ose vietose\" >Nelaim\u0117s vie\u0161ose vietose<\/option><option value=\"Sunk\u016bs su\u017ealojimai\" >Sunk\u016bs su\u017ealojimai<\/option><option value=\"Kitos pretenzijos\" >Kitos pretenzijos<\/option><option value=\"B\u016bsto apleista b\u016bkl\u0117\" >B\u016bsto apleista b\u016bkl\u0117<\/option><\/select><\/div><div id=\"wpforms-17-field_4-container\" class=\"wpforms-field wpforms-field-textarea init_hidden_mob\" data-field-id=\"4\"><label class=\"wpforms-field-label\" for=\"wpforms-17-field_4\">Trumpas u\u017eklausos apra\u0161ymas<\/label><textarea id=\"wpforms-17-field_4\" class=\"wpforms-field-small\" name=\"wpforms[fields][4]\" placeholder=\"Papasakokite, kaip galime pad\u0117ti (neb\u016btina)\" aria-errormessage=\"wpforms-17-field_4-error\" ><\/textarea><\/div><div id=\"wpforms-17-field_12-container\" class=\"wpforms-field wpforms-field-content\" data-field-id=\"12\"><div id=\"wpforms-17-field_12\" class=\"wpforms-field-large wpforms-field-row\" aria-errormessage=\"wpforms-17-field_12-error\"><p>\u0160iuos duomenis LITKRAFT naudos tik pagal m\u016bs\u0173 privatumo politik\u0105 j\u016bs\u0173 u\u017eklausai apdoroti ir jokiais kitais tikslais. \u0160i svetain\u0117 yra apsaugota \u201ereCAPTCHA\u201c ir taikoma \u201eGoogle\u201c privatumo politika bei paslaug\u0173 teikimo s\u0105lygos. <\/p>\n<div class=\"wpforms-field-content-display-frontend-clear\"><\/div><\/div><\/div><\/div><!-- .wpforms-field-container --><div class=\"wpforms-submit-container\" ><input type=\"hidden\" name=\"wpforms[id]\" value=\"17\"><input type=\"hidden\" name=\"page_title\" value=\"\"><input type=\"hidden\" name=\"page_url\" value=\"https:\/\/litkraft.metamark-dev.com\/lt\/wp-json\/wp\/v2\/pages\/1005\"><input type=\"hidden\" name=\"url_referer\" value=\"\"><button type=\"submit\" name=\"wpforms[submit]\" id=\"wpforms-submit-17\" class=\"wpforms-submit\" data-alt-text=\"Sending...\" data-submit-text=\"Si\u0173sti\" aria-live=\"assertive\" value=\"wpforms-submit\">Si\u0173sti<\/button><img loading=\"lazy\" decoding=\"async\" src=\"https:\/\/litkraft.metamark-dev.com\/wp-content\/plugins\/wpforms\/assets\/images\/submit-spin.svg\" class=\"wpforms-submit-spinner\" style=\"display: none;\" width=\"26\" height=\"26\" alt=\"Loading\"><\/div><\/form><\/div>  <!-- .wpforms-container --><\/div><\/div><\/div><\/div><\/section>\n<\/div><\/div><\/div><div class=\"w-separator size_custom\" style=\"height:3rem\"><\/div><div class=\"w-vwrapper us_custom_a21b8a2b align_center valign_top\" style=\"--vwrapper-gap:0.9rem\"><div class=\"w-image us_custom_0d3aac3e style_circle has_ratio align_none\"><div class=\"w-image-h\"><div style=\"padding-bottom:100%\"><\/div><img decoding=\"async\" width=\"1024\" height=\"683\" src=\"https:\/\/litkraft.metamark-dev.com\/wp-content\/uploads\/AdobeStock_648391979-1024x683.jpeg\" class=\"attachment-large size-large\" alt=\"\" loading=\"lazy\" \/><\/div><\/div><h6 class=\"w-text us_custom_eb849559\"><span class=\"w-text-h\"><span class=\"w-text-value\">Vardas Pavard\u0117<\/span><\/span><\/h6><div class=\"wpb_text_column\"><div class=\"wpb_wrapper\"><p><span>Lorem ipsum dolor sit amet, consectetur ad piscing elit. Aliquam at porttitor sem. Aliquam erat volutpat. Donec <\/span><\/p>\n<\/div><\/div><\/div><\/div><\/div><\/div><\/div><\/section><section class=\"l-section wpb_row height_large\"><div class=\"l-section-h i-cf\"><div class=\"g-cols vc_row via_grid cols_1 laptops-cols_inherit tablets-cols_inherit mobiles-cols_1 valign_top type_default stacking_default\"><div class=\"wpb_column vc_column_container\"><div class=\"vc_column-inner\"><h2 class=\"w-text us_custom_eb849559\"><span class=\"w-text-h\"><span class=\"w-text-value\">DUK<\/span><\/span><\/h2><div class=\"wpb_text_column us_custom_deed6b23\"><div class=\"wpb_wrapper\"><p style=\"text-align: center;\"><span>Lorem ipsum dolor sit amet, consectetur adipiscing elit. Aliquam at porttitor sem. Aliquam erat volutpat. Donec placerat nisl magna, et faucibus arcu condimentum <\/span><\/p>\n<\/div><\/div><div class=\"w-separator size_custom\" style=\"height:3rem\"><\/div><div class=\"g-cols wpb_row via_grid cols_2 laptops-cols_inherit tablets-cols_inherit mobiles-cols_1 valign_top type_default stacking_default\" style=\"--columns-gap:1.5rem;--laptops-columns-gap:1.5rem;--tablets-columns-gap:1.5rem;--mobiles-columns-gap:0rem;\"><div class=\"wpb_column vc_column_container us_custom_6eef1e9e us_animate_this\"><div class=\"vc_column-inner\"><div class=\"w-tabs duk-accordion style_default switch_click accordion has_scrolling\" style=\"--sections-title-size:inherit\"><div class=\"w-tabs-sections titles-align_none icon_chevron cpos_right\"><div class=\"w-tabs-section\" id=\"ma2d\"><button class=\"w-tabs-section-header\" aria-controls=\"content-ma2d\" aria-expanded=\"false\"><div class=\"w-tabs-section-title\">Lorem ipsum dolor sit amet, consectetur<\/div><div class=\"w-tabs-section-control\"><\/div><\/button><div  class=\"w-tabs-section-content\" id=\"content-ma2d\"><div class=\"w-tabs-section-content-h i-cf\"><div class=\"wpb_text_column us_custom_9e41f24f\"><div class=\"wpb_wrapper\"><p>Lorem Ipsum is simply dummy text of the printing and typesetting industry. Lorem Ipsum has been the industry&#8217;s standard dummy text ever since the 1500s. <\/p>\n<p>When an unknown printer took a galley of type and scrambled it to make a type specimen book. It has survived not only five centuries, but also the leap into electronic typesetting, remaining essentially unchanged.<\/p>\n<\/div><\/div><\/div><\/div><\/div><div class=\"w-tabs-section\" id=\"wb21\"><button class=\"w-tabs-section-header\" aria-controls=\"content-wb21\" aria-expanded=\"false\"><div class=\"w-tabs-section-title\">Lorem ipsum dolor sit amet, consectetur<\/div><div class=\"w-tabs-section-control\"><\/div><\/button><div  class=\"w-tabs-section-content\" id=\"content-wb21\"><div class=\"w-tabs-section-content-h i-cf\"><div class=\"wpb_text_column us_custom_9e41f24f\"><div class=\"wpb_wrapper\"><p>Lorem Ipsum is simply dummy text of the printing and typesetting industry. Lorem Ipsum has been the industry&#8217;s standard dummy text ever since the 1500s. <\/p>\n<p>When an unknown printer took a galley of type and scrambled it to make a type specimen book. It has survived not only five centuries, but also the leap into electronic typesetting, remaining essentially unchanged.<\/p>\n<\/div><\/div><\/div><\/div><\/div><div class=\"w-tabs-section\" id=\"qc05\"><button class=\"w-tabs-section-header\" aria-controls=\"content-qc05\" aria-expanded=\"false\"><div class=\"w-tabs-section-title\">Lorem ipsum dolor sit amet, consectetur<\/div><div class=\"w-tabs-section-control\"><\/div><\/button><div  class=\"w-tabs-section-content\" id=\"content-qc05\"><div class=\"w-tabs-section-content-h i-cf\"><div class=\"wpb_text_column us_custom_9e41f24f\"><div class=\"wpb_wrapper\"><p>Lorem Ipsum is simply dummy text of the printing and typesetting industry. Lorem Ipsum has been the industry&#8217;s standard dummy text ever since the 1500s. <\/p>\n<p>When an unknown printer took a galley of type and scrambled it to make a type specimen book. It has survived not only five centuries, but also the leap into electronic typesetting, remaining essentially unchanged.<\/p>\n<\/div><\/div><\/div><\/div><\/div><div class=\"w-tabs-section\" id=\"gce3\"><button class=\"w-tabs-section-header\" aria-controls=\"content-gce3\" aria-expanded=\"false\"><div class=\"w-tabs-section-title\">Lorem ipsum dolor sit amet, consectetur<\/div><div class=\"w-tabs-section-control\"><\/div><\/button><div  class=\"w-tabs-section-content\" id=\"content-gce3\"><div class=\"w-tabs-section-content-h i-cf\"><div class=\"wpb_text_column us_custom_9e41f24f\"><div class=\"wpb_wrapper\"><p>Lorem Ipsum is simply dummy text of the printing and typesetting industry. Lorem Ipsum has been the industry&#8217;s standard dummy text ever since the 1500s. <\/p>\n<p>When an unknown printer took a galley of type and scrambled it to make a type specimen book. It has survived not only five centuries, but also the leap into electronic typesetting, remaining essentially unchanged.<\/p>\n<\/div><\/div><\/div><\/div><\/div><\/div><\/div><\/div><\/div><div class=\"wpb_column vc_column_container us_custom_f70d789f us_animate_this\"><div class=\"vc_column-inner\"><div class=\"w-tabs duk-accordion style_default switch_click accordion has_scrolling\" style=\"--sections-title-size:inherit\"><div class=\"w-tabs-sections titles-align_none icon_chevron cpos_right\"><div class=\"w-tabs-section\" id=\"w1bb\"><button class=\"w-tabs-section-header\" aria-controls=\"content-w1bb\" aria-expanded=\"false\"><div class=\"w-tabs-section-title\">Lorem ipsum dolor sit amet, consectetur<\/div><div class=\"w-tabs-section-control\"><\/div><\/button><div  class=\"w-tabs-section-content\" id=\"content-w1bb\"><div class=\"w-tabs-section-content-h i-cf\"><div class=\"wpb_text_column us_custom_9e41f24f\"><div class=\"wpb_wrapper\"><p>Lorem Ipsum is simply dummy text of the printing and typesetting industry. Lorem Ipsum has been the industry&#8217;s standard dummy text ever since the 1500s. <\/p>\n<p>When an unknown printer took a galley of type and scrambled it to make a type specimen book. It has survived not only five centuries, but also the leap into electronic typesetting, remaining essentially unchanged.<\/p>\n<\/div><\/div><\/div><\/div><\/div><div class=\"w-tabs-section\" id=\"r2aa\"><button class=\"w-tabs-section-header\" aria-controls=\"content-r2aa\" aria-expanded=\"false\"><div class=\"w-tabs-section-title\">Lorem ipsum dolor sit amet, consectetur<\/div><div class=\"w-tabs-section-control\"><\/div><\/button><div  class=\"w-tabs-section-content\" id=\"content-r2aa\"><div class=\"w-tabs-section-content-h i-cf\"><div class=\"wpb_text_column us_custom_9e41f24f\"><div class=\"wpb_wrapper\"><p>Lorem Ipsum is simply dummy text of the printing and typesetting industry. Lorem Ipsum has been the industry&#8217;s standard dummy text ever since the 1500s. <\/p>\n<p>When an unknown printer took a galley of type and scrambled it to make a type specimen book. It has survived not only five centuries, but also the leap into electronic typesetting, remaining essentially unchanged.<\/p>\n<\/div><\/div><\/div><\/div><\/div><div class=\"w-tabs-section\" id=\"y389\"><button class=\"w-tabs-section-header\" aria-controls=\"content-y389\" aria-expanded=\"false\"><div class=\"w-tabs-section-title\">Lorem ipsum dolor sit amet, consectetur<\/div><div class=\"w-tabs-section-control\"><\/div><\/button><div  class=\"w-tabs-section-content\" id=\"content-y389\"><div class=\"w-tabs-section-content-h i-cf\"><div class=\"wpb_text_column us_custom_9e41f24f\"><div class=\"wpb_wrapper\"><p>Lorem Ipsum is simply dummy text of the printing and typesetting industry. Lorem Ipsum has been the industry&#8217;s standard dummy text ever since the 1500s. <\/p>\n<p>When an unknown printer took a galley of type and scrambled it to make a type specimen book. It has survived not only five centuries, but also the leap into electronic typesetting, remaining essentially unchanged.<\/p>\n<\/div><\/div><\/div><\/div><\/div><div class=\"w-tabs-section\" id=\"q463\"><button class=\"w-tabs-section-header\" aria-controls=\"content-q463\" aria-expanded=\"false\"><div class=\"w-tabs-section-title\">Lorem ipsum dolor sit amet, consectetur<\/div><div class=\"w-tabs-section-control\"><\/div><\/button><div  class=\"w-tabs-section-content\" id=\"content-q463\"><div class=\"w-tabs-section-content-h i-cf\"><div class=\"wpb_text_column us_custom_9e41f24f\"><div class=\"wpb_wrapper\"><p>Lorem Ipsum is simply dummy text of the printing and typesetting industry. Lorem Ipsum has been the industry&#8217;s standard dummy text ever since the 1500s. <\/p>\n<p>When an unknown printer took a galley of type and scrambled it to make a type specimen book. It has survived not only five centuries, but also the leap into electronic typesetting, remaining essentially unchanged.<\/p>\n<\/div><\/div><\/div><\/div><\/div><\/div><\/div><\/div><\/div><\/div><\/div><\/div><\/div><\/div><\/section>\n","protected":false},"excerpt":{"rendered":"Prad\u017eia\/PuslapiaiPretenzij\u0173 teikimo procesasPrad\u017eia\/PuslapiaiLorem ipsum dolor sit amet, consectetur adipiscing elit. Aliquam at porttitor sem. Aliquam erat volutpat. Donec placerat nisl magna, et faucibus arcu condimentum sed. Lorem ipsum dolor sit amet, consectetur adipiscing elit. Aliquam at porttitor sem. Aliquam erat volutpat. Donec placerat nisl magna, et faucibus arcu condimentum sed. Lorem ipsum dolor sit amet,...","protected":false},"author":1,"featured_media":0,"parent":0,"menu_order":0,"comment_status":"closed","ping_status":"closed","template":"","meta":{"_acf_changed":false,"footnotes":""},"class_list":["post-1005","page","type-page","status-publish","hentry"],"acf":[],"yoast_head":"<!-- This site is optimized with the Yoast SEO plugin v24.9 - https:\/\/yoast.com\/wordpress\/plugins\/seo\/ -->\n<title>Pretenzij\u0173 teikimo procesas - Litkraft<\/title>\n<meta name=\"robots\" content=\"noindex, follow, max-snippet:-1, max-image-preview:large, max-video-preview:-1\" \/>\n<meta property=\"og:locale\" content=\"lt_LT\" \/>\n<meta property=\"og:type\" content=\"article\" \/>\n<meta property=\"og:title\" content=\"Pretenzij\u0173 teikimo procesas - Litkraft\" \/>\n<meta property=\"og:url\" content=\"https:\/\/litkraft.metamark-dev.com\/lt\/pretenziju-teikimo-procesas\/\" \/>\n<meta property=\"og:site_name\" content=\"Litkraft\" \/>\n<meta property=\"article:modified_time\" content=\"2025-09-13T12:55:20+00:00\" \/>\n<meta name=\"twitter:card\" content=\"summary_large_image\" \/>\n<meta name=\"twitter:label1\" content=\"Est. reading time\" \/>\n\t<meta name=\"twitter:data1\" content=\"8 minut\u0117s\" \/>\n<script type=\"application\/ld+json\" class=\"yoast-schema-graph\">{\"@context\":\"https:\/\/schema.org\",\"@graph\":[{\"@type\":\"WebPage\",\"@id\":\"https:\/\/litkraft.metamark-dev.com\/lt\/pretenziju-teikimo-procesas\/\",\"url\":\"https:\/\/litkraft.metamark-dev.com\/lt\/pretenziju-teikimo-procesas\/\",\"name\":\"Pretenzij\u0173 teikimo procesas - Litkraft\",\"isPartOf\":{\"@id\":\"https:\/\/litkraft.metamark-dev.com\/lt\/#website\"},\"datePublished\":\"2025-04-21T07:04:58+00:00\",\"dateModified\":\"2025-09-13T12:55:20+00:00\",\"breadcrumb\":{\"@id\":\"https:\/\/litkraft.metamark-dev.com\/lt\/pretenziju-teikimo-procesas\/#breadcrumb\"},\"inLanguage\":\"lt-LT\",\"potentialAction\":[{\"@type\":\"ReadAction\",\"target\":[\"https:\/\/litkraft.metamark-dev.com\/lt\/pretenziju-teikimo-procesas\/\"]}]},{\"@type\":\"BreadcrumbList\",\"@id\":\"https:\/\/litkraft.metamark-dev.com\/lt\/pretenziju-teikimo-procesas\/#breadcrumb\",\"itemListElement\":[{\"@type\":\"ListItem\",\"position\":1,\"name\":\"Home\",\"item\":\"https:\/\/litkraft.metamark-dev.com\/lt\/\"},{\"@type\":\"ListItem\",\"position\":2,\"name\":\"Pretenzij\u0173 teikimo procesas\"}]},{\"@type\":\"WebSite\",\"@id\":\"https:\/\/litkraft.metamark-dev.com\/lt\/#website\",\"url\":\"https:\/\/litkraft.metamark-dev.com\/lt\/\",\"name\":\"Litkraft\",\"description\":\"\",\"potentialAction\":[{\"@type\":\"SearchAction\",\"target\":{\"@type\":\"EntryPoint\",\"urlTemplate\":\"https:\/\/litkraft.metamark-dev.com\/lt\/?s={search_term_string}\"},\"query-input\":{\"@type\":\"PropertyValueSpecification\",\"valueRequired\":true,\"valueName\":\"search_term_string\"}}],\"inLanguage\":\"lt-LT\"}]}<\/script>\n<!-- \/ Yoast SEO plugin. -->","yoast_head_json":{"title":"Pretenzij\u0173 teikimo procesas - Litkraft","robots":{"index":"noindex","follow":"follow","max-snippet":"max-snippet:-1","max-image-preview":"max-image-preview:large","max-video-preview":"max-video-preview:-1"},"og_locale":"lt_LT","og_type":"article","og_title":"Pretenzij\u0173 teikimo procesas - Litkraft","og_url":"https:\/\/litkraft.metamark-dev.com\/lt\/pretenziju-teikimo-procesas\/","og_site_name":"Litkraft","article_modified_time":"2025-09-13T12:55:20+00:00","twitter_card":"summary_large_image","twitter_misc":{"Est. reading time":"8 minut\u0117s"},"schema":{"@context":"https:\/\/schema.org","@graph":[{"@type":"WebPage","@id":"https:\/\/litkraft.metamark-dev.com\/lt\/pretenziju-teikimo-procesas\/","url":"https:\/\/litkraft.metamark-dev.com\/lt\/pretenziju-teikimo-procesas\/","name":"Pretenzij\u0173 teikimo procesas - Litkraft","isPartOf":{"@id":"https:\/\/litkraft.metamark-dev.com\/lt\/#website"},"datePublished":"2025-04-21T07:04:58+00:00","dateModified":"2025-09-13T12:55:20+00:00","breadcrumb":{"@id":"https:\/\/litkraft.metamark-dev.com\/lt\/pretenziju-teikimo-procesas\/#breadcrumb"},"inLanguage":"lt-LT","potentialAction":[{"@type":"ReadAction","target":["https:\/\/litkraft.metamark-dev.com\/lt\/pretenziju-teikimo-procesas\/"]}]},{"@type":"BreadcrumbList","@id":"https:\/\/litkraft.metamark-dev.com\/lt\/pretenziju-teikimo-procesas\/#breadcrumb","itemListElement":[{"@type":"ListItem","position":1,"name":"Home","item":"https:\/\/litkraft.metamark-dev.com\/lt\/"},{"@type":"ListItem","position":2,"name":"Pretenzij\u0173 teikimo procesas"}]},{"@type":"WebSite","@id":"https:\/\/litkraft.metamark-dev.com\/lt\/#website","url":"https:\/\/litkraft.metamark-dev.com\/lt\/","name":"Litkraft","description":"","potentialAction":[{"@type":"SearchAction","target":{"@type":"EntryPoint","urlTemplate":"https:\/\/litkraft.metamark-dev.com\/lt\/?s={search_term_string}"},"query-input":{"@type":"PropertyValueSpecification","valueRequired":true,"valueName":"search_term_string"}}],"inLanguage":"lt-LT"}]}},"_links":{"self":[{"href":"https:\/\/litkraft.metamark-dev.com\/lt\/wp-json\/wp\/v2\/pages\/1005","targetHints":{"allow":["GET"]}}],"collection":[{"href":"https:\/\/litkraft.metamark-dev.com\/lt\/wp-json\/wp\/v2\/pages"}],"about":[{"href":"https:\/\/litkraft.metamark-dev.com\/lt\/wp-json\/wp\/v2\/types\/page"}],"author":[{"embeddable":true,"href":"https:\/\/litkraft.metamark-dev.com\/lt\/wp-json\/wp\/v2\/users\/1"}],"replies":[{"embeddable":true,"href":"https:\/\/litkraft.metamark-dev.com\/lt\/wp-json\/wp\/v2\/comments?post=1005"}],"version-history":[{"count":2,"href":"https:\/\/litkraft.metamark-dev.com\/lt\/wp-json\/wp\/v2\/pages\/1005\/revisions"}],"predecessor-version":[{"id":1007,"href":"https:\/\/litkraft.metamark-dev.com\/lt\/wp-json\/wp\/v2\/pages\/1005\/revisions\/1007"}],"wp:attachment":[{"href":"https:\/\/litkraft.metamark-dev.com\/lt\/wp-json\/wp\/v2\/media?parent=1005"}],"curies":[{"name":"wp","href":"https:\/\/api.w.org\/{rel}","templated":true}]}}