{"id":975,"date":"2025-04-21T10:40:13","date_gmt":"2025-04-21T07:40:13","guid":{"rendered":"https:\/\/litkraft.metamark-dev.com\/pretenziju-skaiciuokle\/"},"modified":"2025-09-11T17:53:19","modified_gmt":"2025-09-11T14:53:19","slug":"pretenziju-skaiciuokle","status":"publish","type":"page","link":"https:\/\/litkraft.metamark-dev.com\/lt\/pretenziju-skaiciuokle\/","title":{"rendered":"Pretenzij\u0173 skai\u010diuokl\u0117"},"content":{"rendered":"<section class=\"l-section wpb_row us_custom_c70c97eb height_medium\"><div class=\"l-section-h i-cf\"><div class=\"g-cols vc_row via_grid cols_2-1 laptops-cols_inherit tablets-cols_inherit mobiles-cols_1 valign_top type_default stacking_default\" style=\"--columns-gap:3rem;--laptops-columns-gap:3rem;--tablets-columns-gap:3rem;--mobiles-columns-gap:2.9rem;\"><div class=\"wpb_column vc_column_container us_custom_2184fdd4\"><div class=\"vc_column-inner\"><nav class=\"g-breadcrumbs us_custom_ea2be81a separator_custom align_none\" itemscope itemtype=\"http:\/\/schema.org\/BreadcrumbList\"><div class=\"g-breadcrumbs-item\" itemscope itemprop=\"itemListElement\" itemtype=\"http:\/\/schema.org\/ListItem\"><a itemprop=\"item\" href=\"https:\/\/litkraft.metamark-dev.com\/lt\/\"><span itemprop=\"name\">Prad\u017eia<\/span><\/a><meta itemprop=\"position\" content=\"1\"\/><\/div><div class=\"g-breadcrumbs-separator\">\/<\/div><div class=\"g-breadcrumbs-item\">Puslapiai<\/div><\/nav><div class=\"w-separator size_custom\" style=\"height:1vmax\"><\/div><h1 class=\"w-text\"><span class=\"w-text-h\"><span class=\"w-text-value\">Asmenini\u0173 su\u017ealojim\u0173 i\u0161mok\u0173 skai\u010diuokl\u0117<\/span><\/span><\/h1><div class=\"wpb_text_column\"><div class=\"wpb_wrapper\"><p style=\"font-weight: 400;\"><span>\u017dinome, kad vienas pirm\u0173j\u0173 klausim\u0173, kuriuos \u017emon\u0117s u\u017eduoda po avarijos, yra: <\/span><em>\u201cKokio dyd\u017eio kompensacij\u0105 gal\u0117\u010diau gauti?\u201d<\/em><\/p>\n<p style=\"font-weight: 400;\">M\u016bs\u0173 asmens su\u017ealojimo i\u0161mok\u0173 skai\u010diuokl\u0117 pateikia apytiksl\u012f kompensacijos diapazon\u0105, kurio galite tik\u0117tis u\u017e patirt\u0105 traum\u0105.<\/p>\n<p style=\"font-weight: 400;\">Atkreipkite d\u0117mes\u012f: pateikti skai\u010diai susij\u0119 tik su kompensacija u\u017e pa\u010di\u0105 traum\u0105. \u012e juos <span> <\/span><strong>ne\u012ftraukti kiti nuostoliai ir i\u0161laidos.<\/strong><span> <\/span>taip pat galite reikalauti kompensacijos, pavyzd\u017eiui, u\u017e prarastas pajamas, gydymo i\u0161laidas, kelion\u0117s i\u0161laidas ar vaistus.<\/p>\n<\/div><\/div><div class=\"w-separator size_custom\" style=\"height:2rem\"><\/div><div class=\"w-btn-wrapper align_justify\"><a class=\"w-btn us-btn-style_6 us_custom_b4198c51\" href=\"https:\/\/litkraft.metamark-dev.com\/quiz-form\/\"><span class=\"w-btn-label\">Apskai\u010diuokite savo pretenzij\u0105<\/span><\/a><\/div><\/div><\/div><div class=\"wpb_column vc_column_container us_custom_6eef1e9e us_animate_this\"><div class=\"vc_column-inner\"><div class=\"g-cols wpb_row us_custom_c918155b via_grid cols_1 laptops-cols_inherit tablets-cols_inherit mobiles-cols_1 valign_top type_default stacking_default\" style=\"--columns-gap:3rem;\"><div class=\"wpb_column vc_column_container\"><div class=\"vc_column-inner\"><section class=\"l-section wpb_row height_auto width_full\"><div class=\"l-section-h i-cf\"><div class=\"g-cols vc_row via_grid cols_1 laptops-cols_inherit tablets-cols_inherit mobiles-cols_1 valign_top type_default stacking_default\"><div class=\"wpb_column vc_column_container\"><div class=\"vc_column-inner\"><h4 class=\"w-text us_custom_f6bb47d2 has_text_color\"><span class=\"w-text-h\"><span class=\"w-text-value\">NEMOKAMA konsultacija<\/span><\/span><\/h4><div class=\"wpb_text_column us_custom_ea2be81a\"><div class=\"wpb_wrapper\"><p><span>Susisiekite su mumis 24\/7<\/span><\/p>\n<\/div><\/div><div class=\"wpforms-container wpforms-container-full contact hidden_fields_mobile wpforms-render-modern\" id=\"wpforms-17\"><form id=\"wpforms-form-17\" class=\"wpforms-validate wpforms-form wpforms-ajax-form\" data-formid=\"17\" method=\"post\" enctype=\"multipart\/form-data\" action=\"\/lt\/wp-json\/wp\/v2\/pages\/975\" data-token=\"6bf3289bed3fb6c273fe2abc3a31a441\" data-token-time=\"1775753178\"><noscript class=\"wpforms-error-noscript\">Please enable JavaScript in your browser to complete this form.<\/noscript><div class=\"wpforms-hidden\" id=\"wpforms-error-noscript\">Please enable JavaScript in your browser to complete this form.<\/div><div class=\"wpforms-field-container\"><div id=\"wpforms-17-field_3-container\" class=\"wpforms-field wpforms-field-phone init_show_mob\" data-field-id=\"3\"><label class=\"wpforms-field-label\" for=\"wpforms-17-field_3\">Telefonas <span class=\"wpforms-required-label\" aria-hidden=\"true\">*<\/span><\/label><input type=\"tel\" id=\"wpforms-17-field_3\" class=\"wpforms-field-large wpforms-field-required\" data-rule-int-phone-field=\"true\" name=\"wpforms[fields][3]\" placeholder=\"\u012eveskite savo telefono numer\u012f\" aria-label=\"Telefonas\" aria-errormessage=\"wpforms-17-field_3-error\" required><\/div><div id=\"wpforms-17-field_8-container\" class=\"wpforms-field wpforms-field-text init_hidden_mob\" data-field-id=\"8\"><label class=\"wpforms-field-label\" for=\"wpforms-17-field_8\">Vardas <span class=\"wpforms-required-label\" aria-hidden=\"true\">*<\/span><\/label><input type=\"text\" id=\"wpforms-17-field_8\" class=\"wpforms-field-large wpforms-field-required\" name=\"wpforms[fields][8]\" placeholder=\"\u012eveskite savo vard\u0105 ir pavard\u0119\" aria-errormessage=\"wpforms-17-field_8-error\" required><\/div><div id=\"wpforms-17-field_2-container\" class=\"wpforms-field wpforms-field-email init_hidden_mob\" data-field-id=\"2\"><label class=\"wpforms-field-label\" for=\"wpforms-17-field_2\">El. pa\u0161to adresas <span class=\"wpforms-required-label\" aria-hidden=\"true\">*<\/span><\/label><input type=\"email\" id=\"wpforms-17-field_2\" class=\"wpforms-field-large wpforms-field-required\" name=\"wpforms[fields][2]\" placeholder=\"\u012eveskite savo el. pa\u0161to adres\u0105\" spellcheck=\"false\" aria-errormessage=\"wpforms-17-field_2-error\" required><\/div><div id=\"wpforms-17-field_10-container\" class=\"wpforms-field wpforms-field-select init_hidden_mob wpforms-field-select-style-classic\" data-field-id=\"10\"><label class=\"wpforms-field-label\" for=\"wpforms-17-field_10\">U\u017eklausos tipas <span class=\"wpforms-required-label\" aria-hidden=\"true\">*<\/span><\/label><select id=\"wpforms-17-field_10\" class=\"wpforms-field-large wpforms-field-required\" name=\"wpforms[fields][10]\" required=\"required\"><option value=\"\" class=\"placeholder\" disabled  selected='selected'>- Pra\u0161ome pasirinkti -<\/option><option value=\"Keli\u0173 eismo \u012fvykiai\" >Keli\u0173 eismo \u012fvykiai<\/option><option value=\"P\u0117s\u010di\u0173j\u0173 avarija\" >P\u0117s\u010di\u0173j\u0173 avarija<\/option><option value=\"Dvira\u010di\u0173 avarija\" >Dvira\u010di\u0173 avarija<\/option><option value=\"Motociklo avarija\" >Motociklo avarija<\/option><option value=\"Darbo nelaimingi atsitikimai\" >Darbo nelaimingi atsitikimai<\/option><option value=\"Medicininis aplaidumas\" >Medicininis aplaidumas<\/option><option value=\"Nelaim\u0117s vie\u0161ose vietose\" >Nelaim\u0117s vie\u0161ose vietose<\/option><option value=\"Sunk\u016bs su\u017ealojimai\" >Sunk\u016bs su\u017ealojimai<\/option><option value=\"Kitos pretenzijos\" >Kitos pretenzijos<\/option><option value=\"B\u016bsto apleista b\u016bkl\u0117\" >B\u016bsto apleista b\u016bkl\u0117<\/option><\/select><\/div><div id=\"wpforms-17-field_4-container\" class=\"wpforms-field wpforms-field-textarea init_hidden_mob\" data-field-id=\"4\"><label class=\"wpforms-field-label\" for=\"wpforms-17-field_4\">Trumpas u\u017eklausos apra\u0161ymas<\/label><textarea id=\"wpforms-17-field_4\" class=\"wpforms-field-small\" name=\"wpforms[fields][4]\" placeholder=\"Papasakokite, kaip galime pad\u0117ti (neb\u016btina)\" aria-errormessage=\"wpforms-17-field_4-error\" ><\/textarea><\/div><div id=\"wpforms-17-field_12-container\" class=\"wpforms-field wpforms-field-content\" data-field-id=\"12\"><div id=\"wpforms-17-field_12\" class=\"wpforms-field-large wpforms-field-row\" aria-errormessage=\"wpforms-17-field_12-error\"><p>\u0160iuos duomenis LITKRAFT naudos tik pagal m\u016bs\u0173 privatumo politik\u0105 j\u016bs\u0173 u\u017eklausai apdoroti ir jokiais kitais tikslais. \u0160i svetain\u0117 yra apsaugota \u201ereCAPTCHA\u201c ir taikoma \u201eGoogle\u201c privatumo politika bei paslaug\u0173 teikimo s\u0105lygos. <\/p>\n<div class=\"wpforms-field-content-display-frontend-clear\"><\/div><\/div><\/div><\/div><!-- .wpforms-field-container --><div class=\"wpforms-submit-container\" ><input type=\"hidden\" name=\"wpforms[id]\" value=\"17\"><input type=\"hidden\" name=\"page_title\" value=\"\"><input type=\"hidden\" name=\"page_url\" value=\"https:\/\/litkraft.metamark-dev.com\/lt\/wp-json\/wp\/v2\/pages\/975\"><input type=\"hidden\" name=\"url_referer\" value=\"\"><button type=\"submit\" name=\"wpforms[submit]\" id=\"wpforms-submit-17\" class=\"wpforms-submit\" data-alt-text=\"Sending...\" data-submit-text=\"Si\u0173sti\" aria-live=\"assertive\" value=\"wpforms-submit\">Si\u0173sti<\/button><img loading=\"lazy\" decoding=\"async\" src=\"https:\/\/litkraft.metamark-dev.com\/wp-content\/plugins\/wpforms\/assets\/images\/submit-spin.svg\" class=\"wpforms-submit-spinner\" style=\"display: none;\" width=\"26\" height=\"26\" alt=\"Loading\"><\/div><\/form><\/div>  <!-- .wpforms-container --><\/div><\/div><\/div><\/div><\/section>\n<\/div><\/div><\/div><\/div><\/div><\/div><\/div><\/section>\n","protected":false},"excerpt":{"rendered":"Prad\u017eia\/PuslapiaiAsmenini\u0173 su\u017ealojim\u0173 i\u0161mok\u0173 skai\u010diuokl\u0117\u017dinome, kad vienas pirm\u0173j\u0173 klausim\u0173, kuriuos \u017emon\u0117s u\u017eduoda po avarijos, yra: \u201cKokio dyd\u017eio kompensacij\u0105 gal\u0117\u010diau gauti?\u201d M\u016bs\u0173 asmens su\u017ealojimo i\u0161mok\u0173 skai\u010diuokl\u0117 pateikia apytiksl\u012f kompensacijos diapazon\u0105, kurio galite tik\u0117tis u\u017e patirt\u0105 traum\u0105. Atkreipkite d\u0117mes\u012f: pateikti skai\u010diai susij\u0119 tik su kompensacija u\u017e pa\u010di\u0105 traum\u0105. \u012e juos ne\u012ftraukti kiti nuostoliai ir i\u0161laidos. taip pat galite...","protected":false},"author":1,"featured_media":0,"parent":0,"menu_order":0,"comment_status":"closed","ping_status":"closed","template":"","meta":{"_acf_changed":false,"footnotes":""},"class_list":["post-975","page","type-page","status-publish","hentry"],"acf":[],"yoast_head":"<!-- This site is optimized with the Yoast SEO plugin v24.9 - https:\/\/yoast.com\/wordpress\/plugins\/seo\/ -->\n<title>Pretenzij\u0173 skai\u010diuokl\u0117 - Litkraft<\/title>\n<meta name=\"robots\" content=\"noindex, follow, max-snippet:-1, max-image-preview:large, max-video-preview:-1\" \/>\n<meta property=\"og:locale\" content=\"lt_LT\" \/>\n<meta property=\"og:type\" content=\"article\" \/>\n<meta property=\"og:title\" content=\"Pretenzij\u0173 skai\u010diuokl\u0117 - Litkraft\" \/>\n<meta property=\"og:url\" content=\"https:\/\/litkraft.metamark-dev.com\/lt\/pretenziju-skaiciuokle\/\" \/>\n<meta property=\"og:site_name\" content=\"Litkraft\" \/>\n<meta property=\"article:modified_time\" content=\"2025-09-11T14:53:19+00:00\" \/>\n<meta name=\"twitter:card\" content=\"summary_large_image\" \/>\n<meta name=\"twitter:label1\" content=\"Est. reading time\" \/>\n\t<meta name=\"twitter:data1\" content=\"2 minut\u0117s\" \/>\n<script type=\"application\/ld+json\" class=\"yoast-schema-graph\">{\"@context\":\"https:\/\/schema.org\",\"@graph\":[{\"@type\":\"WebPage\",\"@id\":\"https:\/\/litkraft.metamark-dev.com\/lt\/pretenziju-skaiciuokle\/\",\"url\":\"https:\/\/litkraft.metamark-dev.com\/lt\/pretenziju-skaiciuokle\/\",\"name\":\"Pretenzij\u0173 skai\u010diuokl\u0117 - Litkraft\",\"isPartOf\":{\"@id\":\"https:\/\/litkraft.metamark-dev.com\/lt\/#website\"},\"datePublished\":\"2025-04-21T07:40:13+00:00\",\"dateModified\":\"2025-09-11T14:53:19+00:00\",\"breadcrumb\":{\"@id\":\"https:\/\/litkraft.metamark-dev.com\/lt\/pretenziju-skaiciuokle\/#breadcrumb\"},\"inLanguage\":\"lt-LT\",\"potentialAction\":[{\"@type\":\"ReadAction\",\"target\":[\"https:\/\/litkraft.metamark-dev.com\/lt\/pretenziju-skaiciuokle\/\"]}]},{\"@type\":\"BreadcrumbList\",\"@id\":\"https:\/\/litkraft.metamark-dev.com\/lt\/pretenziju-skaiciuokle\/#breadcrumb\",\"itemListElement\":[{\"@type\":\"ListItem\",\"position\":1,\"name\":\"Home\",\"item\":\"https:\/\/litkraft.metamark-dev.com\/lt\/\"},{\"@type\":\"ListItem\",\"position\":2,\"name\":\"Pretenzij\u0173 skai\u010diuokl\u0117\"}]},{\"@type\":\"WebSite\",\"@id\":\"https:\/\/litkraft.metamark-dev.com\/lt\/#website\",\"url\":\"https:\/\/litkraft.metamark-dev.com\/lt\/\",\"name\":\"Litkraft\",\"description\":\"\",\"potentialAction\":[{\"@type\":\"SearchAction\",\"target\":{\"@type\":\"EntryPoint\",\"urlTemplate\":\"https:\/\/litkraft.metamark-dev.com\/lt\/?s={search_term_string}\"},\"query-input\":{\"@type\":\"PropertyValueSpecification\",\"valueRequired\":true,\"valueName\":\"search_term_string\"}}],\"inLanguage\":\"lt-LT\"}]}<\/script>\n<!-- \/ Yoast SEO plugin. -->","yoast_head_json":{"title":"Pretenzij\u0173 skai\u010diuokl\u0117 - Litkraft","robots":{"index":"noindex","follow":"follow","max-snippet":"max-snippet:-1","max-image-preview":"max-image-preview:large","max-video-preview":"max-video-preview:-1"},"og_locale":"lt_LT","og_type":"article","og_title":"Pretenzij\u0173 skai\u010diuokl\u0117 - Litkraft","og_url":"https:\/\/litkraft.metamark-dev.com\/lt\/pretenziju-skaiciuokle\/","og_site_name":"Litkraft","article_modified_time":"2025-09-11T14:53:19+00:00","twitter_card":"summary_large_image","twitter_misc":{"Est. reading time":"2 minut\u0117s"},"schema":{"@context":"https:\/\/schema.org","@graph":[{"@type":"WebPage","@id":"https:\/\/litkraft.metamark-dev.com\/lt\/pretenziju-skaiciuokle\/","url":"https:\/\/litkraft.metamark-dev.com\/lt\/pretenziju-skaiciuokle\/","name":"Pretenzij\u0173 skai\u010diuokl\u0117 - Litkraft","isPartOf":{"@id":"https:\/\/litkraft.metamark-dev.com\/lt\/#website"},"datePublished":"2025-04-21T07:40:13+00:00","dateModified":"2025-09-11T14:53:19+00:00","breadcrumb":{"@id":"https:\/\/litkraft.metamark-dev.com\/lt\/pretenziju-skaiciuokle\/#breadcrumb"},"inLanguage":"lt-LT","potentialAction":[{"@type":"ReadAction","target":["https:\/\/litkraft.metamark-dev.com\/lt\/pretenziju-skaiciuokle\/"]}]},{"@type":"BreadcrumbList","@id":"https:\/\/litkraft.metamark-dev.com\/lt\/pretenziju-skaiciuokle\/#breadcrumb","itemListElement":[{"@type":"ListItem","position":1,"name":"Home","item":"https:\/\/litkraft.metamark-dev.com\/lt\/"},{"@type":"ListItem","position":2,"name":"Pretenzij\u0173 skai\u010diuokl\u0117"}]},{"@type":"WebSite","@id":"https:\/\/litkraft.metamark-dev.com\/lt\/#website","url":"https:\/\/litkraft.metamark-dev.com\/lt\/","name":"Litkraft","description":"","potentialAction":[{"@type":"SearchAction","target":{"@type":"EntryPoint","urlTemplate":"https:\/\/litkraft.metamark-dev.com\/lt\/?s={search_term_string}"},"query-input":{"@type":"PropertyValueSpecification","valueRequired":true,"valueName":"search_term_string"}}],"inLanguage":"lt-LT"}]}},"_links":{"self":[{"href":"https:\/\/litkraft.metamark-dev.com\/lt\/wp-json\/wp\/v2\/pages\/975","targetHints":{"allow":["GET"]}}],"collection":[{"href":"https:\/\/litkraft.metamark-dev.com\/lt\/wp-json\/wp\/v2\/pages"}],"about":[{"href":"https:\/\/litkraft.metamark-dev.com\/lt\/wp-json\/wp\/v2\/types\/page"}],"author":[{"embeddable":true,"href":"https:\/\/litkraft.metamark-dev.com\/lt\/wp-json\/wp\/v2\/users\/1"}],"replies":[{"embeddable":true,"href":"https:\/\/litkraft.metamark-dev.com\/lt\/wp-json\/wp\/v2\/comments?post=975"}],"version-history":[{"count":2,"href":"https:\/\/litkraft.metamark-dev.com\/lt\/wp-json\/wp\/v2\/pages\/975\/revisions"}],"predecessor-version":[{"id":977,"href":"https:\/\/litkraft.metamark-dev.com\/lt\/wp-json\/wp\/v2\/pages\/975\/revisions\/977"}],"wp:attachment":[{"href":"https:\/\/litkraft.metamark-dev.com\/lt\/wp-json\/wp\/v2\/media?parent=975"}],"curies":[{"name":"wp","href":"https:\/\/api.w.org\/{rel}","templated":true}]}}