{"id":1008,"date":"2025-04-21T10:04:58","date_gmt":"2025-04-21T07:04:58","guid":{"rendered":"https:\/\/litkraft.metamark-dev.com\/procesul-de-revendicare\/"},"modified":"2025-09-13T15:56:12","modified_gmt":"2025-09-13T12:56:12","slug":"procesul-de-revendicare","status":"publish","type":"page","link":"https:\/\/litkraft.metamark-dev.com\/ro\/procesul-de-revendicare\/","title":{"rendered":"Procesul de revendicare"},"content":{"rendered":"<section class=\"l-section wpb_row us_custom_c70c97eb height_medium\"><div class=\"l-section-h i-cf\"><div class=\"g-cols vc_row via_grid cols_2-1 laptops-cols_inherit tablets-cols_inherit mobiles-cols_1 valign_top type_default stacking_default\" style=\"--columns-gap:3rem;--laptops-columns-gap:3rem;--tablets-columns-gap:3rem;--mobiles-columns-gap:2.9rem;\"><div class=\"wpb_column vc_column_container us_custom_2184fdd4\"><div class=\"vc_column-inner\"><div class=\"w-hwrapper valign_middle stack_on_mobiles align_justify\"><nav class=\"g-breadcrumbs us_custom_ea2be81a hide_on_default hide_on_laptops hide_on_tablets separator_custom align_none\" itemscope itemtype=\"http:\/\/schema.org\/BreadcrumbList\"><div class=\"g-breadcrumbs-item\" itemscope itemprop=\"itemListElement\" itemtype=\"http:\/\/schema.org\/ListItem\"><a itemprop=\"item\" href=\"https:\/\/litkraft.metamark-dev.com\/ro\/\"><span itemprop=\"name\">Prima pagin\u0103<\/span><\/a><meta itemprop=\"position\" content=\"1\"\/><\/div><div class=\"g-breadcrumbs-separator\">\/<\/div><div class=\"g-breadcrumbs-item\">Pagini<\/div><\/nav><h1 class=\"w-post-elm post_title us_custom_2774bef1 entry-title color_link_inherit\">Procesul de revendicare<\/h1><nav class=\"g-breadcrumbs us_custom_ea2be81a hide_on_mobiles separator_custom align_none\" itemscope itemtype=\"http:\/\/schema.org\/BreadcrumbList\"><div class=\"g-breadcrumbs-item\" itemscope itemprop=\"itemListElement\" itemtype=\"http:\/\/schema.org\/ListItem\"><a itemprop=\"item\" href=\"https:\/\/litkraft.metamark-dev.com\/ro\/\"><span itemprop=\"name\">Prima pagin\u0103<\/span><\/a><meta itemprop=\"position\" content=\"1\"\/><\/div><div class=\"g-breadcrumbs-separator\">\/<\/div><div class=\"g-breadcrumbs-item\">Pagini<\/div><\/nav><\/div><div class=\"w-separator size_custom\" style=\"height:2rem\"><\/div><div class=\"wpb_text_column\"><div class=\"wpb_wrapper\"><p>Lorem ipsum dolor sit amet, consectetur adipiscing elit. Aliquam at porttitor sem. Aliquam erat volutpat. Donec placerat nisl magna, et faucibus arcu condimentum sed.  Lorem ipsum dolor sit amet, consectetur adipiscing elit. Aliquam at porttitor sem. Aliquam erat volutpat. Donec placerat nisl magna, et faucibus arcu condimentum sed.  Lorem ipsum dolor sit amet, consectetur adipiscing elit. Aliquam at porttitor sem. Aliquam erat volutpat. Donec placerat nisl magna, et faucibus arcu condimentum sed.Lorem ipsum dolor sit amet, consectetur adipiscing elit.  Aliquam at porttitor sem. Aliquam erat volutpat. Donec placerat nisl magna, et faucibus arcu condimentum sed.Lorem ipsum dolor sit amet, consectetur adipiscing elit.  Aliquam at porttitor sem. Aliquam erat volutpat. Donec placerat nisl magna, et faucibus arcu condimentum sed.Lorem ipsum dolor sit amet, consectetur adipiscing elit.  Aliquam at porttitor sem. Aliquam erat volutpat. Donec placerat nisl magna, et faucibus arcu condimentum sed.Lorem ipsum dolor sit amet, consectetur adipiscing elit.  Aliquam at porttitor sem.<\/p>\n<p>Aliquam erat volutpat. Donec placerat nisl magna, et faucibus arcu condimentum sed.Lorem ipsum dolor sit amet, consectetur adipiscing elit.  Aliquam at porttitor sem. Aliquam erat volutpat. Donec placerat nisl magna, et faucibus arcu condimentum sed.Lorem ipsum dolor sit amet, consectetur adipiscing elit.  Aliquam at porttitor sem. Aliquam erat volutpat. Donec placerat nisl magna, et faucibus arcu condimentum sed.Lorem ipsum dolor sit amet, consectetur adipiscing elit.  Aliquam at porttitor sem. Aliquam erat volutpat. Donec placerat nisl magna, et faucibus arcu condimentum sed.Lorem ipsum dolor sit amet, consectetur adipiscing elit.  Aliquam at<\/p>\n<\/div><\/div><\/div><\/div><div class=\"wpb_column vc_column_container us_custom_6eef1e9e us_animate_this\"><div class=\"vc_column-inner\"><div class=\"g-cols wpb_row us_custom_c918155b via_grid cols_1 laptops-cols_inherit tablets-cols_inherit mobiles-cols_1 valign_top type_default stacking_default\" style=\"--columns-gap:3rem;\"><div class=\"wpb_column vc_column_container\"><div class=\"vc_column-inner\"><section class=\"l-section wpb_row height_auto width_full\"><div class=\"l-section-h i-cf\"><div class=\"g-cols vc_row via_grid cols_1 laptops-cols_inherit tablets-cols_inherit mobiles-cols_1 valign_top type_default stacking_default\"><div class=\"wpb_column vc_column_container\"><div class=\"vc_column-inner\"><h4 class=\"w-text us_custom_f6bb47d2 has_text_color\"><span class=\"w-text-h\"><span class=\"w-text-value\">Consulta\u021bie GRATUIT\u0102<\/span><\/span><\/h4><div class=\"wpb_text_column us_custom_ea2be81a\"><div class=\"wpb_wrapper\"><p><span>Contacta\u021bi-ne 24\/7<\/span><\/p>\n<\/div><\/div><div class=\"wpforms-container wpforms-container-full contact hidden_fields_mobile wpforms-render-modern\" id=\"wpforms-17\"><form id=\"wpforms-form-17\" class=\"wpforms-validate wpforms-form wpforms-ajax-form\" data-formid=\"17\" method=\"post\" enctype=\"multipart\/form-data\" action=\"\/ro\/wp-json\/wp\/v2\/pages\/1008\" data-token=\"b840718a0b390427a23098c8c2bef448\" data-token-time=\"1775902261\"><noscript class=\"wpforms-error-noscript\">Please enable JavaScript in your browser to complete this form.<\/noscript><div class=\"wpforms-hidden\" id=\"wpforms-error-noscript\">Please enable JavaScript in your browser to complete this form.<\/div><div class=\"wpforms-field-container\"><div id=\"wpforms-17-field_3-container\" class=\"wpforms-field wpforms-field-phone init_show_mob\" data-field-id=\"3\"><label class=\"wpforms-field-label\" for=\"wpforms-17-field_3\">Telefon <span class=\"wpforms-required-label\" aria-hidden=\"true\">*<\/span><\/label><input type=\"tel\" id=\"wpforms-17-field_3\" class=\"wpforms-field-large wpforms-field-required\" data-rule-int-phone-field=\"true\" name=\"wpforms[fields][3]\" placeholder=\"Introduce\u021bi num\u0103rul dvs. de telefon\" aria-label=\"Telefon\" aria-errormessage=\"wpforms-17-field_3-error\" required><\/div><div id=\"wpforms-17-field_8-container\" class=\"wpforms-field wpforms-field-text init_hidden_mob\" data-field-id=\"8\"><label class=\"wpforms-field-label\" for=\"wpforms-17-field_8\">Nume <span class=\"wpforms-required-label\" aria-hidden=\"true\">*<\/span><\/label><input type=\"text\" id=\"wpforms-17-field_8\" class=\"wpforms-field-large wpforms-field-required\" name=\"wpforms[fields][8]\" placeholder=\"Introduce\u021bi prenumele \u0219i numele dumneavoastr\u0103\" aria-errormessage=\"wpforms-17-field_8-error\" required><\/div><div id=\"wpforms-17-field_2-container\" class=\"wpforms-field wpforms-field-email init_hidden_mob\" data-field-id=\"2\"><label class=\"wpforms-field-label\" for=\"wpforms-17-field_2\">Adresa de e-mail <span class=\"wpforms-required-label\" aria-hidden=\"true\">*<\/span><\/label><input type=\"email\" id=\"wpforms-17-field_2\" class=\"wpforms-field-large wpforms-field-required\" name=\"wpforms[fields][2]\" placeholder=\"Introdu adresa ta de e-mail\" spellcheck=\"false\" aria-errormessage=\"wpforms-17-field_2-error\" required><\/div><div id=\"wpforms-17-field_10-container\" class=\"wpforms-field wpforms-field-select init_hidden_mob wpforms-field-select-style-classic\" data-field-id=\"10\"><label class=\"wpforms-field-label\" for=\"wpforms-17-field_10\">Tipul de solicitare <span class=\"wpforms-required-label\" aria-hidden=\"true\">*<\/span><\/label><select id=\"wpforms-17-field_10\" class=\"wpforms-field-large wpforms-field-required\" name=\"wpforms[fields][10]\" required=\"required\"><option value=\"\" class=\"placeholder\" disabled  selected='selected'>- V\u0103 rug\u0103m s\u0103 selecta\u021bi -<\/option><option value=\"Accidente rutiere\" >Accidente rutiere<\/option><option value=\"Pedestrian Accident\" >Pedestrian Accident<\/option><option value=\"Cycling Accident\" >Cycling Accident<\/option><option value=\"Motorcycle Accident\" >Motorcycle Accident<\/option><option value=\"Accidente de munc\u0103\" >Accidente de munc\u0103<\/option><option value=\"Neglijen\u021ba medical\u0103\" >Neglijen\u021ba medical\u0103<\/option><option value=\"Accidente \u00een spa\u021bii publice\" >Accidente \u00een spa\u021bii publice<\/option><option value=\"V\u0103t\u0103mare grav\u0103\" >V\u0103t\u0103mare grav\u0103<\/option><option value=\"Alte reclama\u021bii\" >Alte reclama\u021bii<\/option><option value=\"Housing disrepair\" >Housing disrepair<\/option><\/select><\/div><div id=\"wpforms-17-field_4-container\" class=\"wpforms-field wpforms-field-textarea init_hidden_mob\" data-field-id=\"4\"><label class=\"wpforms-field-label\" for=\"wpforms-17-field_4\">Scurt\u0103 descriere a solicit\u0103rii<\/label><textarea id=\"wpforms-17-field_4\" class=\"wpforms-field-small\" name=\"wpforms[fields][4]\" placeholder=\"Spune\u021bi-ne cum v\u0103 putem ajuta (op\u021bional)\" aria-errormessage=\"wpforms-17-field_4-error\" ><\/textarea><\/div><div id=\"wpforms-17-field_12-container\" class=\"wpforms-field wpforms-field-content\" data-field-id=\"12\"><div id=\"wpforms-17-field_12\" class=\"wpforms-field-large wpforms-field-row\" aria-errormessage=\"wpforms-17-field_12-error\"><p>Aceste date vor fi utilizate de LITKRAFT numai \u00een conformitate cu Politica noastr\u0103 de confiden\u021bialitate pentru procesarea solicit\u0103rii dvs. \u0219i \u00een niciun alt scop. Acest site este protejat de reCAPTCHA \u0219i se aplic\u0103 Politica de confiden\u021bialitate \u0219i Termenii \u0219i condi\u021biile Google. <\/p>\n<div class=\"wpforms-field-content-display-frontend-clear\"><\/div><\/div><\/div><\/div><!-- .wpforms-field-container --><div class=\"wpforms-submit-container\" ><input type=\"hidden\" name=\"wpforms[id]\" value=\"17\"><input type=\"hidden\" name=\"page_title\" value=\"\"><input type=\"hidden\" name=\"page_url\" value=\"https:\/\/litkraft.metamark-dev.com\/ro\/wp-json\/wp\/v2\/pages\/1008\"><input type=\"hidden\" name=\"url_referer\" value=\"\"><button type=\"submit\" name=\"wpforms[submit]\" id=\"wpforms-submit-17\" class=\"wpforms-submit\" data-alt-text=\"Trimitere...\" data-submit-text=\"Trimite\" aria-live=\"assertive\" value=\"wpforms-submit\">Trimite<\/button><img loading=\"lazy\" decoding=\"async\" src=\"https:\/\/litkraft.metamark-dev.com\/wp-content\/plugins\/wpforms\/assets\/images\/submit-spin.svg\" class=\"wpforms-submit-spinner\" style=\"display: none;\" width=\"26\" height=\"26\" alt=\"Loading\"><\/div><\/form><\/div>  <!-- .wpforms-container --><\/div><\/div><\/div><\/div><\/section>\n<\/div><\/div><\/div><div class=\"w-separator size_custom\" style=\"height:3rem\"><\/div><div class=\"w-vwrapper us_custom_a21b8a2b align_center valign_top\" style=\"--vwrapper-gap:0.9rem\"><div class=\"w-image us_custom_0d3aac3e style_circle has_ratio align_none\"><div class=\"w-image-h\"><div style=\"padding-bottom:100%\"><\/div><img decoding=\"async\" width=\"1024\" height=\"683\" src=\"https:\/\/litkraft.metamark-dev.com\/wp-content\/uploads\/AdobeStock_648391979-1024x683.jpeg\" class=\"attachment-large size-large\" alt=\"\" loading=\"lazy\" \/><\/div><\/div><h6 class=\"w-text us_custom_eb849559\"><span class=\"w-text-h\"><span class=\"w-text-value\">Nume Prenume<\/span><\/span><\/h6><div class=\"wpb_text_column\"><div class=\"wpb_wrapper\"><p><span>Lorem ipsum dolor sit amet, consectetur ad piscing elit. Aliquam at porttitor sem. Aliquam erat volutpat. Donec <\/span><\/p>\n<\/div><\/div><\/div><\/div><\/div><\/div><\/div><\/section><section class=\"l-section wpb_row height_large\"><div class=\"l-section-h i-cf\"><div class=\"g-cols vc_row via_grid cols_1 laptops-cols_inherit tablets-cols_inherit mobiles-cols_1 valign_top type_default stacking_default\"><div class=\"wpb_column vc_column_container\"><div class=\"vc_column-inner\"><h2 class=\"w-text us_custom_eb849559\"><span class=\"w-text-h\"><span class=\"w-text-value\">\u00centreb\u0103ri frecvente<\/span><\/span><\/h2><div class=\"wpb_text_column us_custom_deed6b23\"><div class=\"wpb_wrapper\"><p style=\"text-align: center;\"><span>Lorem ipsum dolor sit amet, consectetur adipiscing elit. Aliquam at porttitor sem. Aliquam erat volutpat. Donec placerat nisl magna, et faucibus arcu condimentum <\/span><\/p>\n<\/div><\/div><div class=\"w-separator size_custom\" style=\"height:3rem\"><\/div><div class=\"g-cols wpb_row via_grid cols_2 laptops-cols_inherit tablets-cols_inherit mobiles-cols_1 valign_top type_default stacking_default\" style=\"--columns-gap:1.5rem;--laptops-columns-gap:1.5rem;--tablets-columns-gap:1.5rem;--mobiles-columns-gap:0rem;\"><div class=\"wpb_column vc_column_container us_custom_6eef1e9e us_animate_this\"><div class=\"vc_column-inner\"><div class=\"w-tabs duk-accordion style_default switch_click accordion has_scrolling\" style=\"--sections-title-size:inherit\"><div class=\"w-tabs-sections titles-align_none icon_chevron cpos_right\"><div class=\"w-tabs-section\" id=\"t9c5\"><button class=\"w-tabs-section-header\" aria-controls=\"content-t9c5\" aria-expanded=\"false\"><div class=\"w-tabs-section-title\">Lorem ipsum dolor sit amet, consectetur<\/div><div class=\"w-tabs-section-control\"><\/div><\/button><div  class=\"w-tabs-section-content\" id=\"content-t9c5\"><div class=\"w-tabs-section-content-h i-cf\"><div class=\"wpb_text_column us_custom_9e41f24f\"><div class=\"wpb_wrapper\"><p>Lorem Ipsum is simply dummy text of the printing and typesetting industry. Lorem Ipsum has been the industry&#8217;s standard dummy text ever since the 1500s. <\/p>\n<p>When an unknown printer took a galley of type and scrambled it to make a type specimen book. It has survived not only five centuries, but also the leap into electronic typesetting, remaining essentially unchanged.<\/p>\n<\/div><\/div><\/div><\/div><\/div><div class=\"w-tabs-section\" id=\"zab3\"><button class=\"w-tabs-section-header\" aria-controls=\"content-zab3\" aria-expanded=\"false\"><div class=\"w-tabs-section-title\">Lorem ipsum dolor sit amet, consectetur<\/div><div class=\"w-tabs-section-control\"><\/div><\/button><div  class=\"w-tabs-section-content\" id=\"content-zab3\"><div class=\"w-tabs-section-content-h i-cf\"><div class=\"wpb_text_column us_custom_9e41f24f\"><div class=\"wpb_wrapper\"><p>Lorem Ipsum is simply dummy text of the printing and typesetting industry. Lorem Ipsum has been the industry&#8217;s standard dummy text ever since the 1500s. <\/p>\n<p>When an unknown printer took a galley of type and scrambled it to make a type specimen book. It has survived not only five centuries, but also the leap into electronic typesetting, remaining essentially unchanged.<\/p>\n<\/div><\/div><\/div><\/div><\/div><div class=\"w-tabs-section\" id=\"qb90\"><button class=\"w-tabs-section-header\" aria-controls=\"content-qb90\" aria-expanded=\"false\"><div class=\"w-tabs-section-title\">Lorem ipsum dolor sit amet, consectetur<\/div><div class=\"w-tabs-section-control\"><\/div><\/button><div  class=\"w-tabs-section-content\" id=\"content-qb90\"><div class=\"w-tabs-section-content-h i-cf\"><div class=\"wpb_text_column us_custom_9e41f24f\"><div class=\"wpb_wrapper\"><p>Lorem Ipsum is simply dummy text of the printing and typesetting industry. Lorem Ipsum has been the industry&#8217;s standard dummy text ever since the 1500s. <\/p>\n<p>When an unknown printer took a galley of type and scrambled it to make a type specimen book. It has survived not only five centuries, but also the leap into electronic typesetting, remaining essentially unchanged.<\/p>\n<\/div><\/div><\/div><\/div><\/div><div class=\"w-tabs-section\" id=\"pc6c\"><button class=\"w-tabs-section-header\" aria-controls=\"content-pc6c\" aria-expanded=\"false\"><div class=\"w-tabs-section-title\">Lorem ipsum dolor sit amet, consectetur<\/div><div class=\"w-tabs-section-control\"><\/div><\/button><div  class=\"w-tabs-section-content\" id=\"content-pc6c\"><div class=\"w-tabs-section-content-h i-cf\"><div class=\"wpb_text_column us_custom_9e41f24f\"><div class=\"wpb_wrapper\"><p>Lorem Ipsum is simply dummy text of the printing and typesetting industry. Lorem Ipsum has been the industry&#8217;s standard dummy text ever since the 1500s. <\/p>\n<p>When an unknown printer took a galley of type and scrambled it to make a type specimen book. It has survived not only five centuries, but also the leap into electronic typesetting, remaining essentially unchanged.<\/p>\n<\/div><\/div><\/div><\/div><\/div><\/div><\/div><\/div><\/div><div class=\"wpb_column vc_column_container us_custom_f70d789f us_animate_this\"><div class=\"vc_column-inner\"><div class=\"w-tabs duk-accordion style_default switch_click accordion has_scrolling\" style=\"--sections-title-size:inherit\"><div class=\"w-tabs-sections titles-align_none icon_chevron cpos_right\"><div class=\"w-tabs-section\" id=\"n0d8\"><button class=\"w-tabs-section-header\" aria-controls=\"content-n0d8\" aria-expanded=\"false\"><div class=\"w-tabs-section-title\">Lorem ipsum dolor sit amet, consectetur<\/div><div class=\"w-tabs-section-control\"><\/div><\/button><div  class=\"w-tabs-section-content\" id=\"content-n0d8\"><div class=\"w-tabs-section-content-h i-cf\"><div class=\"wpb_text_column us_custom_9e41f24f\"><div class=\"wpb_wrapper\"><p>Lorem Ipsum is simply dummy text of the printing and typesetting industry. Lorem Ipsum has been the industry&#8217;s standard dummy text ever since the 1500s. <\/p>\n<p>When an unknown printer took a galley of type and scrambled it to make a type specimen book. It has survived not only five centuries, but also the leap into electronic typesetting, remaining essentially unchanged.<\/p>\n<\/div><\/div><\/div><\/div><\/div><div class=\"w-tabs-section\" id=\"j1c0\"><button class=\"w-tabs-section-header\" aria-controls=\"content-j1c0\" aria-expanded=\"false\"><div class=\"w-tabs-section-title\">Lorem ipsum dolor sit amet, consectetur<\/div><div class=\"w-tabs-section-control\"><\/div><\/button><div  class=\"w-tabs-section-content\" id=\"content-j1c0\"><div class=\"w-tabs-section-content-h i-cf\"><div class=\"wpb_text_column us_custom_9e41f24f\"><div class=\"wpb_wrapper\"><p>Lorem Ipsum is simply dummy text of the printing and typesetting industry. Lorem Ipsum has been the industry&#8217;s standard dummy text ever since the 1500s. <\/p>\n<p>When an unknown printer took a galley of type and scrambled it to make a type specimen book. It has survived not only five centuries, but also the leap into electronic typesetting, remaining essentially unchanged.<\/p>\n<\/div><\/div><\/div><\/div><\/div><div class=\"w-tabs-section\" id=\"f29e\"><button class=\"w-tabs-section-header\" aria-controls=\"content-f29e\" aria-expanded=\"false\"><div class=\"w-tabs-section-title\">Lorem ipsum dolor sit amet, consectetur<\/div><div class=\"w-tabs-section-control\"><\/div><\/button><div  class=\"w-tabs-section-content\" id=\"content-f29e\"><div class=\"w-tabs-section-content-h i-cf\"><div class=\"wpb_text_column us_custom_9e41f24f\"><div class=\"wpb_wrapper\"><p>Lorem Ipsum is simply dummy text of the printing and typesetting industry. Lorem Ipsum has been the industry&#8217;s standard dummy text ever since the 1500s. <\/p>\n<p>When an unknown printer took a galley of type and scrambled it to make a type specimen book. It has survived not only five centuries, but also the leap into electronic typesetting, remaining essentially unchanged.<\/p>\n<\/div><\/div><\/div><\/div><\/div><div class=\"w-tabs-section\" id=\"e375\"><button class=\"w-tabs-section-header\" aria-controls=\"content-e375\" aria-expanded=\"false\"><div class=\"w-tabs-section-title\">Lorem ipsum dolor sit amet, consectetur<\/div><div class=\"w-tabs-section-control\"><\/div><\/button><div  class=\"w-tabs-section-content\" id=\"content-e375\"><div class=\"w-tabs-section-content-h i-cf\"><div class=\"wpb_text_column us_custom_9e41f24f\"><div class=\"wpb_wrapper\"><p>Lorem Ipsum is simply dummy text of the printing and typesetting industry. Lorem Ipsum has been the industry&#8217;s standard dummy text ever since the 1500s. <\/p>\n<p>When an unknown printer took a galley of type and scrambled it to make a type specimen book. It has survived not only five centuries, but also the leap into electronic typesetting, remaining essentially unchanged.<\/p>\n<\/div><\/div><\/div><\/div><\/div><\/div><\/div><\/div><\/div><\/div><\/div><\/div><\/div><\/div><\/section>\n","protected":false},"excerpt":{"rendered":"Prima pagin\u0103\/PaginiProcesul de revendicarePrima pagin\u0103\/PaginiLorem ipsum dolor sit amet, consectetur adipiscing elit. Aliquam at porttitor sem. Aliquam erat volutpat. Donec placerat nisl magna, et faucibus arcu condimentum sed. Lorem ipsum dolor sit amet, consectetur adipiscing elit. Aliquam at porttitor sem. Aliquam erat volutpat. Donec placerat nisl magna, et faucibus arcu condimentum sed. Lorem ipsum dolor...","protected":false},"author":1,"featured_media":0,"parent":0,"menu_order":0,"comment_status":"closed","ping_status":"closed","template":"","meta":{"_acf_changed":false,"footnotes":""},"class_list":["post-1008","page","type-page","status-publish","hentry"],"acf":[],"yoast_head":"<!-- This site is optimized with the Yoast SEO plugin v24.9 - https:\/\/yoast.com\/wordpress\/plugins\/seo\/ -->\n<title>Procesul de revendicare - Litkraft<\/title>\n<meta name=\"robots\" content=\"noindex, follow, max-snippet:-1, max-image-preview:large, max-video-preview:-1\" \/>\n<meta property=\"og:locale\" content=\"ro_RO\" \/>\n<meta property=\"og:type\" content=\"article\" \/>\n<meta property=\"og:title\" content=\"Procesul de revendicare - Litkraft\" \/>\n<meta property=\"og:url\" content=\"https:\/\/litkraft.metamark-dev.com\/ro\/procesul-de-revendicare\/\" \/>\n<meta property=\"og:site_name\" content=\"Litkraft\" \/>\n<meta property=\"article:modified_time\" content=\"2025-09-13T12:56:12+00:00\" \/>\n<meta name=\"twitter:card\" content=\"summary_large_image\" \/>\n<meta name=\"twitter:label1\" content=\"Timp estimat pentru citire\" \/>\n\t<meta name=\"twitter:data1\" content=\"8 minute\" \/>\n<script type=\"application\/ld+json\" class=\"yoast-schema-graph\">{\"@context\":\"https:\/\/schema.org\",\"@graph\":[{\"@type\":\"WebPage\",\"@id\":\"https:\/\/litkraft.metamark-dev.com\/ro\/procesul-de-revendicare\/\",\"url\":\"https:\/\/litkraft.metamark-dev.com\/ro\/procesul-de-revendicare\/\",\"name\":\"Procesul de revendicare - Litkraft\",\"isPartOf\":{\"@id\":\"https:\/\/litkraft.metamark-dev.com\/ro\/#website\"},\"datePublished\":\"2025-04-21T07:04:58+00:00\",\"dateModified\":\"2025-09-13T12:56:12+00:00\",\"breadcrumb\":{\"@id\":\"https:\/\/litkraft.metamark-dev.com\/ro\/procesul-de-revendicare\/#breadcrumb\"},\"inLanguage\":\"ro-RO\",\"potentialAction\":[{\"@type\":\"ReadAction\",\"target\":[\"https:\/\/litkraft.metamark-dev.com\/ro\/procesul-de-revendicare\/\"]}]},{\"@type\":\"BreadcrumbList\",\"@id\":\"https:\/\/litkraft.metamark-dev.com\/ro\/procesul-de-revendicare\/#breadcrumb\",\"itemListElement\":[{\"@type\":\"ListItem\",\"position\":1,\"name\":\"Home\",\"item\":\"https:\/\/litkraft.metamark-dev.com\/ro\/\"},{\"@type\":\"ListItem\",\"position\":2,\"name\":\"Procesul de revendicare\"}]},{\"@type\":\"WebSite\",\"@id\":\"https:\/\/litkraft.metamark-dev.com\/ro\/#website\",\"url\":\"https:\/\/litkraft.metamark-dev.com\/ro\/\",\"name\":\"Litkraft\",\"description\":\"\",\"potentialAction\":[{\"@type\":\"SearchAction\",\"target\":{\"@type\":\"EntryPoint\",\"urlTemplate\":\"https:\/\/litkraft.metamark-dev.com\/ro\/?s={search_term_string}\"},\"query-input\":{\"@type\":\"PropertyValueSpecification\",\"valueRequired\":true,\"valueName\":\"search_term_string\"}}],\"inLanguage\":\"ro-RO\"}]}<\/script>\n<!-- \/ Yoast SEO plugin. -->","yoast_head_json":{"title":"Procesul de revendicare - Litkraft","robots":{"index":"noindex","follow":"follow","max-snippet":"max-snippet:-1","max-image-preview":"max-image-preview:large","max-video-preview":"max-video-preview:-1"},"og_locale":"ro_RO","og_type":"article","og_title":"Procesul de revendicare - Litkraft","og_url":"https:\/\/litkraft.metamark-dev.com\/ro\/procesul-de-revendicare\/","og_site_name":"Litkraft","article_modified_time":"2025-09-13T12:56:12+00:00","twitter_card":"summary_large_image","twitter_misc":{"Timp estimat pentru citire":"8 minute"},"schema":{"@context":"https:\/\/schema.org","@graph":[{"@type":"WebPage","@id":"https:\/\/litkraft.metamark-dev.com\/ro\/procesul-de-revendicare\/","url":"https:\/\/litkraft.metamark-dev.com\/ro\/procesul-de-revendicare\/","name":"Procesul de revendicare - Litkraft","isPartOf":{"@id":"https:\/\/litkraft.metamark-dev.com\/ro\/#website"},"datePublished":"2025-04-21T07:04:58+00:00","dateModified":"2025-09-13T12:56:12+00:00","breadcrumb":{"@id":"https:\/\/litkraft.metamark-dev.com\/ro\/procesul-de-revendicare\/#breadcrumb"},"inLanguage":"ro-RO","potentialAction":[{"@type":"ReadAction","target":["https:\/\/litkraft.metamark-dev.com\/ro\/procesul-de-revendicare\/"]}]},{"@type":"BreadcrumbList","@id":"https:\/\/litkraft.metamark-dev.com\/ro\/procesul-de-revendicare\/#breadcrumb","itemListElement":[{"@type":"ListItem","position":1,"name":"Home","item":"https:\/\/litkraft.metamark-dev.com\/ro\/"},{"@type":"ListItem","position":2,"name":"Procesul de revendicare"}]},{"@type":"WebSite","@id":"https:\/\/litkraft.metamark-dev.com\/ro\/#website","url":"https:\/\/litkraft.metamark-dev.com\/ro\/","name":"Litkraft","description":"","potentialAction":[{"@type":"SearchAction","target":{"@type":"EntryPoint","urlTemplate":"https:\/\/litkraft.metamark-dev.com\/ro\/?s={search_term_string}"},"query-input":{"@type":"PropertyValueSpecification","valueRequired":true,"valueName":"search_term_string"}}],"inLanguage":"ro-RO"}]}},"_links":{"self":[{"href":"https:\/\/litkraft.metamark-dev.com\/ro\/wp-json\/wp\/v2\/pages\/1008","targetHints":{"allow":["GET"]}}],"collection":[{"href":"https:\/\/litkraft.metamark-dev.com\/ro\/wp-json\/wp\/v2\/pages"}],"about":[{"href":"https:\/\/litkraft.metamark-dev.com\/ro\/wp-json\/wp\/v2\/types\/page"}],"author":[{"embeddable":true,"href":"https:\/\/litkraft.metamark-dev.com\/ro\/wp-json\/wp\/v2\/users\/1"}],"replies":[{"embeddable":true,"href":"https:\/\/litkraft.metamark-dev.com\/ro\/wp-json\/wp\/v2\/comments?post=1008"}],"version-history":[{"count":2,"href":"https:\/\/litkraft.metamark-dev.com\/ro\/wp-json\/wp\/v2\/pages\/1008\/revisions"}],"predecessor-version":[{"id":1010,"href":"https:\/\/litkraft.metamark-dev.com\/ro\/wp-json\/wp\/v2\/pages\/1008\/revisions\/1010"}],"wp:attachment":[{"href":"https:\/\/litkraft.metamark-dev.com\/ro\/wp-json\/wp\/v2\/media?parent=1008"}],"curies":[{"name":"wp","href":"https:\/\/api.w.org\/{rel}","templated":true}]}}