{"id":978,"date":"2025-04-21T10:40:13","date_gmt":"2025-04-21T07:40:13","guid":{"rendered":"https:\/\/litkraft.metamark-dev.com\/calculator-de-despagubiri\/"},"modified":"2025-09-11T17:56:38","modified_gmt":"2025-09-11T14:56:38","slug":"calculator-de-despagubiri","status":"publish","type":"page","link":"https:\/\/litkraft.metamark-dev.com\/ro\/calculator-de-despagubiri\/","title":{"rendered":"Calculator de desp\u0103gubiri"},"content":{"rendered":"<section class=\"l-section wpb_row us_custom_c70c97eb height_medium\"><div class=\"l-section-h i-cf\"><div class=\"g-cols vc_row via_grid cols_2-1 laptops-cols_inherit tablets-cols_inherit mobiles-cols_1 valign_top type_default stacking_default\" style=\"--columns-gap:3rem;--laptops-columns-gap:3rem;--tablets-columns-gap:3rem;--mobiles-columns-gap:2.9rem;\"><div class=\"wpb_column vc_column_container us_custom_2184fdd4\"><div class=\"vc_column-inner\"><nav class=\"g-breadcrumbs us_custom_ea2be81a separator_custom align_none\" itemscope itemtype=\"http:\/\/schema.org\/BreadcrumbList\"><div class=\"g-breadcrumbs-item\" itemscope itemprop=\"itemListElement\" itemtype=\"http:\/\/schema.org\/ListItem\"><a itemprop=\"item\" href=\"https:\/\/litkraft.metamark-dev.com\/ro\/\"><span itemprop=\"name\">Prima pagin\u0103<\/span><\/a><meta itemprop=\"position\" content=\"1\"\/><\/div><div class=\"g-breadcrumbs-separator\">\/<\/div><div class=\"g-breadcrumbs-item\">Pagini<\/div><\/nav><div class=\"w-separator size_custom\" style=\"height:1vmax\"><\/div><h1 class=\"w-text\"><span class=\"w-text-h\"><span class=\"w-text-value\">Calculator de daune pentru v\u0103t\u0103m\u0103ri corporale<\/span><\/span><\/h1><div class=\"wpb_text_column\"><div class=\"wpb_wrapper\"><p style=\"font-weight: 400;\">\u0218tim c\u0103 una dintre primele \u00eentreb\u0103ri pe care oamenii \u0219i le pun dup\u0103 un accident este:<span> <\/span><em>\u201cCe desp\u0103gubire a\u0219 putea primi?\u201d<\/em><\/p>\n<p style=\"font-weight: 400;\">Calculatorul nostru de desp\u0103gubiri pentru v\u0103t\u0103m\u0103ri corporale v\u0103 ofer\u0103 o idee aproximativ\u0103 despre intervalul de desp\u0103gubire la care v-a\u021bi putea a\u0219tepta pentru v\u0103t\u0103marea corporal\u0103.<\/p>\n<p style=\"font-weight: 400;\">Aten\u021bie: cifrele afi\u0219ate se refer\u0103 doar la desp\u0103gubirea pentru v\u0103t\u0103marea \u00een sine. Acestea nu <span> <\/span><strong>include alte pierderi \u0219i cheltuieli<\/strong><span> <\/span>De asemenea, pute\u021bi solicita desp\u0103gubiri, cum ar fi pierderile de venituri, costurile tratamentului, cheltuielile de c\u0103l\u0103torie sau medicamentele.<\/p>\n<\/div><\/div><div class=\"w-separator size_custom\" style=\"height:2rem\"><\/div><div class=\"w-btn-wrapper align_justify\"><a class=\"w-btn us-btn-style_6 us_custom_b4198c51\" href=\"https:\/\/litkraft.metamark-dev.com\/quiz-form\/\"><span class=\"w-btn-label\">Calcula\u021bi cererea dvs.<\/span><\/a><\/div><\/div><\/div><div class=\"wpb_column vc_column_container us_custom_6eef1e9e us_animate_this\"><div class=\"vc_column-inner\"><div class=\"g-cols wpb_row us_custom_c918155b via_grid cols_1 laptops-cols_inherit tablets-cols_inherit mobiles-cols_1 valign_top type_default stacking_default\" style=\"--columns-gap:3rem;\"><div class=\"wpb_column vc_column_container\"><div class=\"vc_column-inner\"><section class=\"l-section wpb_row height_auto width_full\"><div class=\"l-section-h i-cf\"><div class=\"g-cols vc_row via_grid cols_1 laptops-cols_inherit tablets-cols_inherit mobiles-cols_1 valign_top type_default stacking_default\"><div class=\"wpb_column vc_column_container\"><div class=\"vc_column-inner\"><h4 class=\"w-text us_custom_f6bb47d2 has_text_color\"><span class=\"w-text-h\"><span class=\"w-text-value\">Consulta\u021bie GRATUIT\u0102<\/span><\/span><\/h4><div class=\"wpb_text_column us_custom_ea2be81a\"><div class=\"wpb_wrapper\"><p><span>Contacta\u021bi-ne 24\/7<\/span><\/p>\n<\/div><\/div><div class=\"wpforms-container wpforms-container-full contact hidden_fields_mobile wpforms-render-modern\" id=\"wpforms-17\"><form id=\"wpforms-form-17\" class=\"wpforms-validate wpforms-form wpforms-ajax-form\" data-formid=\"17\" method=\"post\" enctype=\"multipart\/form-data\" action=\"\/ro\/wp-json\/wp\/v2\/pages\/978\" data-token=\"b840718a0b390427a23098c8c2bef448\" data-token-time=\"1775902238\"><noscript class=\"wpforms-error-noscript\">Please enable JavaScript in your browser to complete this form.<\/noscript><div class=\"wpforms-hidden\" id=\"wpforms-error-noscript\">Please enable JavaScript in your browser to complete this form.<\/div><div class=\"wpforms-field-container\"><div id=\"wpforms-17-field_3-container\" class=\"wpforms-field wpforms-field-phone init_show_mob\" data-field-id=\"3\"><label class=\"wpforms-field-label\" for=\"wpforms-17-field_3\">Telefon <span class=\"wpforms-required-label\" aria-hidden=\"true\">*<\/span><\/label><input type=\"tel\" id=\"wpforms-17-field_3\" class=\"wpforms-field-large wpforms-field-required\" data-rule-int-phone-field=\"true\" name=\"wpforms[fields][3]\" placeholder=\"Introduce\u021bi num\u0103rul dvs. de telefon\" aria-label=\"Telefon\" aria-errormessage=\"wpforms-17-field_3-error\" required><\/div><div id=\"wpforms-17-field_8-container\" class=\"wpforms-field wpforms-field-text init_hidden_mob\" data-field-id=\"8\"><label class=\"wpforms-field-label\" for=\"wpforms-17-field_8\">Nume <span class=\"wpforms-required-label\" aria-hidden=\"true\">*<\/span><\/label><input type=\"text\" id=\"wpforms-17-field_8\" class=\"wpforms-field-large wpforms-field-required\" name=\"wpforms[fields][8]\" placeholder=\"Introduce\u021bi prenumele \u0219i numele dumneavoastr\u0103\" aria-errormessage=\"wpforms-17-field_8-error\" required><\/div><div id=\"wpforms-17-field_2-container\" class=\"wpforms-field wpforms-field-email init_hidden_mob\" data-field-id=\"2\"><label class=\"wpforms-field-label\" for=\"wpforms-17-field_2\">Adresa de e-mail <span class=\"wpforms-required-label\" aria-hidden=\"true\">*<\/span><\/label><input type=\"email\" id=\"wpforms-17-field_2\" class=\"wpforms-field-large wpforms-field-required\" name=\"wpforms[fields][2]\" placeholder=\"Introdu adresa ta de e-mail\" spellcheck=\"false\" aria-errormessage=\"wpforms-17-field_2-error\" required><\/div><div id=\"wpforms-17-field_10-container\" class=\"wpforms-field wpforms-field-select init_hidden_mob wpforms-field-select-style-classic\" data-field-id=\"10\"><label class=\"wpforms-field-label\" for=\"wpforms-17-field_10\">Tipul de solicitare <span class=\"wpforms-required-label\" aria-hidden=\"true\">*<\/span><\/label><select id=\"wpforms-17-field_10\" class=\"wpforms-field-large wpforms-field-required\" name=\"wpforms[fields][10]\" required=\"required\"><option value=\"\" class=\"placeholder\" disabled  selected='selected'>- V\u0103 rug\u0103m s\u0103 selecta\u021bi -<\/option><option value=\"Accidente rutiere\" >Accidente rutiere<\/option><option value=\"Pedestrian Accident\" >Pedestrian Accident<\/option><option value=\"Cycling Accident\" >Cycling Accident<\/option><option value=\"Motorcycle Accident\" >Motorcycle Accident<\/option><option value=\"Accidente de munc\u0103\" >Accidente de munc\u0103<\/option><option value=\"Neglijen\u021ba medical\u0103\" >Neglijen\u021ba medical\u0103<\/option><option value=\"Accidente \u00een spa\u021bii publice\" >Accidente \u00een spa\u021bii publice<\/option><option value=\"V\u0103t\u0103mare grav\u0103\" >V\u0103t\u0103mare grav\u0103<\/option><option value=\"Alte reclama\u021bii\" >Alte reclama\u021bii<\/option><option value=\"Housing disrepair\" >Housing disrepair<\/option><\/select><\/div><div id=\"wpforms-17-field_4-container\" class=\"wpforms-field wpforms-field-textarea init_hidden_mob\" data-field-id=\"4\"><label class=\"wpforms-field-label\" for=\"wpforms-17-field_4\">Scurt\u0103 descriere a solicit\u0103rii<\/label><textarea id=\"wpforms-17-field_4\" class=\"wpforms-field-small\" name=\"wpforms[fields][4]\" placeholder=\"Spune\u021bi-ne cum v\u0103 putem ajuta (op\u021bional)\" aria-errormessage=\"wpforms-17-field_4-error\" ><\/textarea><\/div><div id=\"wpforms-17-field_12-container\" class=\"wpforms-field wpforms-field-content\" data-field-id=\"12\"><div id=\"wpforms-17-field_12\" class=\"wpforms-field-large wpforms-field-row\" aria-errormessage=\"wpforms-17-field_12-error\"><p>Aceste date vor fi utilizate de LITKRAFT numai \u00een conformitate cu Politica noastr\u0103 de confiden\u021bialitate pentru procesarea solicit\u0103rii dvs. \u0219i \u00een niciun alt scop. Acest site este protejat de reCAPTCHA \u0219i se aplic\u0103 Politica de confiden\u021bialitate \u0219i Termenii \u0219i condi\u021biile Google. <\/p>\n<div class=\"wpforms-field-content-display-frontend-clear\"><\/div><\/div><\/div><\/div><!-- .wpforms-field-container --><div class=\"wpforms-submit-container\" ><input type=\"hidden\" name=\"wpforms[id]\" value=\"17\"><input type=\"hidden\" name=\"page_title\" value=\"\"><input type=\"hidden\" name=\"page_url\" value=\"https:\/\/litkraft.metamark-dev.com\/ro\/wp-json\/wp\/v2\/pages\/978\"><input type=\"hidden\" name=\"url_referer\" value=\"\"><button type=\"submit\" name=\"wpforms[submit]\" id=\"wpforms-submit-17\" class=\"wpforms-submit\" data-alt-text=\"Trimitere...\" data-submit-text=\"Trimite\" aria-live=\"assertive\" value=\"wpforms-submit\">Trimite<\/button><img loading=\"lazy\" decoding=\"async\" src=\"https:\/\/litkraft.metamark-dev.com\/wp-content\/plugins\/wpforms\/assets\/images\/submit-spin.svg\" class=\"wpforms-submit-spinner\" style=\"display: none;\" width=\"26\" height=\"26\" alt=\"Loading\"><\/div><\/form><\/div>  <!-- .wpforms-container --><\/div><\/div><\/div><\/div><\/section>\n<\/div><\/div><\/div><\/div><\/div><\/div><\/div><\/section>\n","protected":false},"excerpt":{"rendered":"Prima pagin\u0103\/PaginiCalculator de daune pentru v\u0103t\u0103m\u0103ri corporale\u0218tim c\u0103 una dintre primele \u00eentreb\u0103ri pe care oamenii \u0219i le pun dup\u0103 un accident este: \u201cCe desp\u0103gubire a\u0219 putea primi?\u201d Calculatorul nostru de desp\u0103gubiri pentru v\u0103t\u0103m\u0103ri corporale v\u0103 ofer\u0103 o idee aproximativ\u0103 despre intervalul de desp\u0103gubire la care v-a\u021bi putea a\u0219tepta pentru v\u0103t\u0103marea corporal\u0103. Aten\u021bie: cifrele afi\u0219ate se...","protected":false},"author":1,"featured_media":0,"parent":0,"menu_order":0,"comment_status":"closed","ping_status":"closed","template":"","meta":{"_acf_changed":false,"footnotes":""},"class_list":["post-978","page","type-page","status-publish","hentry"],"acf":[],"yoast_head":"<!-- This site is optimized with the Yoast SEO plugin v24.9 - https:\/\/yoast.com\/wordpress\/plugins\/seo\/ -->\n<title>Calculator de desp\u0103gubiri - Litkraft<\/title>\n<meta name=\"robots\" content=\"noindex, follow, max-snippet:-1, max-image-preview:large, max-video-preview:-1\" \/>\n<meta property=\"og:locale\" content=\"ro_RO\" \/>\n<meta property=\"og:type\" content=\"article\" \/>\n<meta property=\"og:title\" content=\"Calculator de desp\u0103gubiri - Litkraft\" \/>\n<meta property=\"og:url\" content=\"https:\/\/litkraft.metamark-dev.com\/ro\/calculator-de-despagubiri\/\" \/>\n<meta property=\"og:site_name\" content=\"Litkraft\" \/>\n<meta property=\"article:modified_time\" content=\"2025-09-11T14:56:38+00:00\" \/>\n<meta name=\"twitter:card\" content=\"summary_large_image\" \/>\n<meta name=\"twitter:label1\" content=\"Timp estimat pentru citire\" \/>\n\t<meta name=\"twitter:data1\" content=\"2 minute\" \/>\n<script type=\"application\/ld+json\" class=\"yoast-schema-graph\">{\"@context\":\"https:\/\/schema.org\",\"@graph\":[{\"@type\":\"WebPage\",\"@id\":\"https:\/\/litkraft.metamark-dev.com\/ro\/calculator-de-despagubiri\/\",\"url\":\"https:\/\/litkraft.metamark-dev.com\/ro\/calculator-de-despagubiri\/\",\"name\":\"Calculator de desp\u0103gubiri - Litkraft\",\"isPartOf\":{\"@id\":\"https:\/\/litkraft.metamark-dev.com\/ro\/#website\"},\"datePublished\":\"2025-04-21T07:40:13+00:00\",\"dateModified\":\"2025-09-11T14:56:38+00:00\",\"breadcrumb\":{\"@id\":\"https:\/\/litkraft.metamark-dev.com\/ro\/calculator-de-despagubiri\/#breadcrumb\"},\"inLanguage\":\"ro-RO\",\"potentialAction\":[{\"@type\":\"ReadAction\",\"target\":[\"https:\/\/litkraft.metamark-dev.com\/ro\/calculator-de-despagubiri\/\"]}]},{\"@type\":\"BreadcrumbList\",\"@id\":\"https:\/\/litkraft.metamark-dev.com\/ro\/calculator-de-despagubiri\/#breadcrumb\",\"itemListElement\":[{\"@type\":\"ListItem\",\"position\":1,\"name\":\"Home\",\"item\":\"https:\/\/litkraft.metamark-dev.com\/ro\/\"},{\"@type\":\"ListItem\",\"position\":2,\"name\":\"Calculator de desp\u0103gubiri\"}]},{\"@type\":\"WebSite\",\"@id\":\"https:\/\/litkraft.metamark-dev.com\/ro\/#website\",\"url\":\"https:\/\/litkraft.metamark-dev.com\/ro\/\",\"name\":\"Litkraft\",\"description\":\"\",\"potentialAction\":[{\"@type\":\"SearchAction\",\"target\":{\"@type\":\"EntryPoint\",\"urlTemplate\":\"https:\/\/litkraft.metamark-dev.com\/ro\/?s={search_term_string}\"},\"query-input\":{\"@type\":\"PropertyValueSpecification\",\"valueRequired\":true,\"valueName\":\"search_term_string\"}}],\"inLanguage\":\"ro-RO\"}]}<\/script>\n<!-- \/ Yoast SEO plugin. -->","yoast_head_json":{"title":"Calculator de desp\u0103gubiri - Litkraft","robots":{"index":"noindex","follow":"follow","max-snippet":"max-snippet:-1","max-image-preview":"max-image-preview:large","max-video-preview":"max-video-preview:-1"},"og_locale":"ro_RO","og_type":"article","og_title":"Calculator de desp\u0103gubiri - Litkraft","og_url":"https:\/\/litkraft.metamark-dev.com\/ro\/calculator-de-despagubiri\/","og_site_name":"Litkraft","article_modified_time":"2025-09-11T14:56:38+00:00","twitter_card":"summary_large_image","twitter_misc":{"Timp estimat pentru citire":"2 minute"},"schema":{"@context":"https:\/\/schema.org","@graph":[{"@type":"WebPage","@id":"https:\/\/litkraft.metamark-dev.com\/ro\/calculator-de-despagubiri\/","url":"https:\/\/litkraft.metamark-dev.com\/ro\/calculator-de-despagubiri\/","name":"Calculator de desp\u0103gubiri - Litkraft","isPartOf":{"@id":"https:\/\/litkraft.metamark-dev.com\/ro\/#website"},"datePublished":"2025-04-21T07:40:13+00:00","dateModified":"2025-09-11T14:56:38+00:00","breadcrumb":{"@id":"https:\/\/litkraft.metamark-dev.com\/ro\/calculator-de-despagubiri\/#breadcrumb"},"inLanguage":"ro-RO","potentialAction":[{"@type":"ReadAction","target":["https:\/\/litkraft.metamark-dev.com\/ro\/calculator-de-despagubiri\/"]}]},{"@type":"BreadcrumbList","@id":"https:\/\/litkraft.metamark-dev.com\/ro\/calculator-de-despagubiri\/#breadcrumb","itemListElement":[{"@type":"ListItem","position":1,"name":"Home","item":"https:\/\/litkraft.metamark-dev.com\/ro\/"},{"@type":"ListItem","position":2,"name":"Calculator de desp\u0103gubiri"}]},{"@type":"WebSite","@id":"https:\/\/litkraft.metamark-dev.com\/ro\/#website","url":"https:\/\/litkraft.metamark-dev.com\/ro\/","name":"Litkraft","description":"","potentialAction":[{"@type":"SearchAction","target":{"@type":"EntryPoint","urlTemplate":"https:\/\/litkraft.metamark-dev.com\/ro\/?s={search_term_string}"},"query-input":{"@type":"PropertyValueSpecification","valueRequired":true,"valueName":"search_term_string"}}],"inLanguage":"ro-RO"}]}},"_links":{"self":[{"href":"https:\/\/litkraft.metamark-dev.com\/ro\/wp-json\/wp\/v2\/pages\/978","targetHints":{"allow":["GET"]}}],"collection":[{"href":"https:\/\/litkraft.metamark-dev.com\/ro\/wp-json\/wp\/v2\/pages"}],"about":[{"href":"https:\/\/litkraft.metamark-dev.com\/ro\/wp-json\/wp\/v2\/types\/page"}],"author":[{"embeddable":true,"href":"https:\/\/litkraft.metamark-dev.com\/ro\/wp-json\/wp\/v2\/users\/1"}],"replies":[{"embeddable":true,"href":"https:\/\/litkraft.metamark-dev.com\/ro\/wp-json\/wp\/v2\/comments?post=978"}],"version-history":[{"count":2,"href":"https:\/\/litkraft.metamark-dev.com\/ro\/wp-json\/wp\/v2\/pages\/978\/revisions"}],"predecessor-version":[{"id":980,"href":"https:\/\/litkraft.metamark-dev.com\/ro\/wp-json\/wp\/v2\/pages\/978\/revisions\/980"}],"wp:attachment":[{"href":"https:\/\/litkraft.metamark-dev.com\/ro\/wp-json\/wp\/v2\/media?parent=978"}],"curies":[{"name":"wp","href":"https:\/\/api.w.org\/{rel}","templated":true}]}}